{"id":59,"date":"2016-11-15T19:24:10","date_gmt":"2016-11-15T18:24:10","guid":{"rendered":"http:\/\/alexmueller.org\/lacom\/?page_id=37"},"modified":"2025-09-04T05:21:08","modified_gmt":"2025-09-04T05:21:08","slug":"industry","status":"publish","type":"page","link":"https:\/\/lacom-coating.de\/en\/anwendungen\/industry\/","title":{"rendered":"Industry"},"content":{"rendered":"<p><strong><span style=\"color: #808080;\">Aumann offers systems that guarantee maximum functionality and durability.<\/span><\/strong><\/p>\n<p><span style=\"color: #808080;\"><img loading=\"lazy\" decoding=\"async\" class=\"aligncenter size-full wp-image-2588\" src=\"https:\/\/lacom-coating.de\/wp-content\/uploads\/2025\/07\/ALAU-CL-Beschichtungsanlage-INDUSTRY.png\" alt=\"\" width=\"1448\" height=\"599\" srcset=\"https:\/\/lacom-coating.de\/wp-content\/uploads\/2025\/07\/ALAU-CL-Beschichtungsanlage-INDUSTRY.png 1448w, https:\/\/lacom-coating.de\/wp-content\/uploads\/2025\/07\/ALAU-CL-Beschichtungsanlage-INDUSTRY-300x124.png 300w, https:\/\/lacom-coating.de\/wp-content\/uploads\/2025\/07\/ALAU-CL-Beschichtungsanlage-INDUSTRY-1024x424.png 1024w, https:\/\/lacom-coating.de\/wp-content\/uploads\/2025\/07\/ALAU-CL-Beschichtungsanlage-INDUSTRY-768x318.png 768w\" sizes=\"auto, (max-width: 1448px) 100vw, 1448px\" \/><\/span><\/p>\n<p><span style=\"color: #808080;\"><b>Our technology \u2013 your advantages:<\/b><\/span><\/p>\n<ol>\n<li><span style=\"color: #808080;\">Heat resistance and bond strength for abrasives:<\/span><\/li>\n<\/ol>\n<p><span style=\"color: #808080;\">Reactive hot melts offer the decisive advantage of heat resistance in the manufacture of abrasives. Even at the high temperatures encountered during the grinding process, the laminates remain resistant and ensure extremely high bond strength. <\/span><span style=\"color: #808080;\">This ensures the longevity and efficiency of your grinding products.<\/span><\/p>\n<ol start=\"2\">\n<li><span style=\"color: #808080;\">Comprehensive solutions for every requirement:<\/span><\/li>\n<\/ol>\n<p><span style=\"color: #808080;\">We offer solutions that meet all your requirements \u2013 from impressive working widths of up to 3.5 metres to non-stop equipment for maximum production continuity.<\/span><\/p>\n<ol start=\"3\">\n<li><span style=\"color: #808080;\">Advanced pre-treatment technologies:<\/span><\/li>\n<\/ol>\n<p><span style=\"color: #808080;\">Our systems integrate state-of-the-art technologies for material pre-treatment:<\/span><\/p>\n<ul>\n<li><span style=\"color: #808080;\">Infrared fields: For optimal pre-treatment of nonwoven components.<\/span><\/li>\n<li><span style=\"color: #808080;\">Corona units: For efficient surface treatment of the films used to optimise adhesion.<\/span><\/li>\n<\/ul>\n<p><span style=\"color: #808080;\">Put your trust in Aumann \u2013 for innovative, reliable and high-performance laminating solutions that take your industrial applications to a new level.<\/span><\/p>\n<p>&nbsp;<\/p>\n<hr \/>\n<p>&nbsp;<\/p>\n<p><span style=\"color: #808080;\"><img loading=\"lazy\" decoding=\"async\" class=\"alignleft wp-image-2223 size-thumbnail\" src=\"https:\/\/lacom-coating.de\/wp-content\/uploads\/2024\/03\/ALAU_Button_Industry-1-200x200.png\" alt=\"\" width=\"200\" height=\"200\" srcset=\"https:\/\/lacom-coating.de\/wp-content\/uploads\/2024\/03\/ALAU_Button_Industry-1-200x200.png 200w, https:\/\/lacom-coating.de\/wp-content\/uploads\/2024\/03\/ALAU_Button_Industry-1-400x400.png 400w, https:\/\/lacom-coating.de\/wp-content\/uploads\/2024\/03\/ALAU_Button_Industry-1-600x600.png 600w, https:\/\/lacom-coating.de\/wp-content\/uploads\/2024\/03\/ALAU_Button_Industry-1-90x90.png 90w, https:\/\/lacom-coating.de\/wp-content\/uploads\/2024\/03\/ALAU_Button_Industry-1-75x75.png 75w, https:\/\/lacom-coating.de\/wp-content\/uploads\/2024\/03\/ALAU_Button_Industry-1.png 640w\" sizes=\"auto, (max-width: 200px) 100vw, 200px\" \/><\/span><\/p>\n<p>&nbsp;<\/p>\n<p><span style=\"color: #808080;\"><b>Aumann as your competent partner:<\/b><\/span><\/p>\n<ul>\n<li><span style=\"color: #808080;\">GMP-Konformit\u00e4t<\/span><\/li>\n<li><span style=\"color: #808080;\">Customized solutions<\/span><\/li>\n<li><span style=\"color: #808080;\">Efficiency &amp; Precision<\/span><\/li>\n<li><span style=\"color: #808080;\">Durability &amp; value retention<\/span><\/li>\n<\/ul>\n<p>&nbsp;<\/p>\n<p>&nbsp;<\/p>\n<p><span style=\"color: #808080;\">Support that has a positive impact in terms of time, costs, sustainability, and efficiency.<br \/>\n<\/span><span style=\"color: #808080;\">Give us a call. Tel: +49 (0)7363 951-0<\/span><\/p>\n<p>&nbsp;<\/p>","protected":false},"excerpt":{"rendered":"<p>Aumann bietet Anlagen, die h\u00f6chste Funktionalit\u00e4t und Langlebigkeit garantieren. Unsere Technologie \u2013 Ihre Vorteile: Hitzebest\u00e4ndigkeit und Verbundfestigkeit f\u00fcr Schleifmittel: Bei der Herstellung von Schleifmitteln bieten reaktive Hotmelts den entscheidenden Vorteil der Hitzebest\u00e4ndigkeit. Auch bei den hohen Temperaturen w\u00e4hrend des Schleifprozesses bleiben die Laminate widerstandsf\u00e4hig und gew\u00e4hrleisten eine extrem hohe Verbundfestigkeit. Dies sichert die Langlebigkeit und Effizienz Ihrer Schleifprodukte. Umfassende L\u00f6sungen<\/p>","protected":false},"author":1,"featured_media":0,"parent":56,"menu_order":0,"comment_status":"closed","ping_status":"closed","template":"","meta":{"footnotes":""},"tags":[],"class_list":["post-59","page","type-page","status-publish","hentry"],"_links":{"self":[{"href":"https:\/\/lacom-coating.de\/en\/wp-json\/wp\/v2\/pages\/59","targetHints":{"allow":["GET"]}}],"collection":[{"href":"https:\/\/lacom-coating.de\/en\/wp-json\/wp\/v2\/pages"}],"about":[{"href":"https:\/\/lacom-coating.de\/en\/wp-json\/wp\/v2\/types\/page"}],"author":[{"embeddable":true,"href":"https:\/\/lacom-coating.de\/en\/wp-json\/wp\/v2\/users\/1"}],"replies":[{"embeddable":true,"href":"https:\/\/lacom-coating.de\/en\/wp-json\/wp\/v2\/comments?post=59"}],"version-history":[{"count":11,"href":"https:\/\/lacom-coating.de\/en\/wp-json\/wp\/v2\/pages\/59\/revisions"}],"predecessor-version":[{"id":2834,"href":"https:\/\/lacom-coating.de\/en\/wp-json\/wp\/v2\/pages\/59\/revisions\/2834"}],"up":[{"embeddable":true,"href":"https:\/\/lacom-coating.de\/en\/wp-json\/wp\/v2\/pages\/56"}],"wp:attachment":[{"href":"https:\/\/lacom-coating.de\/en\/wp-json\/wp\/v2\/media?parent=59"}],"wp:term":[{"taxonomy":"post_tag","embeddable":true,"href":"https:\/\/lacom-coating.de\/en\/wp-json\/wp\/v2\/tags?post=59"}],"curies":[{"name":"wp","href":"https:\/\/api.w.org\/{rel}","templated":true}]}}