{"id":58,"date":"2016-11-15T19:23:40","date_gmt":"2016-11-15T18:23:40","guid":{"rendered":"http:\/\/alexmueller.org\/lacom\/?page_id=35"},"modified":"2025-07-24T12:36:33","modified_gmt":"2025-07-24T12:36:33","slug":"lacom-flooring","status":"publish","type":"page","link":"https:\/\/lacom-coating.de\/en\/anwendungen\/lacom-flooring\/","title":{"rendered":"Flooring"},"content":{"rendered":"<div class=\"moduletable\">\n<div id=\"carousel_action151\" class=\"carousel slide\">\n<div class=\"carousel-inner\">\n<div class=\"item active left\">\n<p style=\"text-align: left;\"><span style=\"color: #808080;\"><b>Innovative coating solutions for carpets<br \/>\n<\/b><\/span><span style=\"color: #808080;\">Aumann offers systems that guarantee maximum functionality and durability.<\/span><\/p>\n<p style=\"text-align: left;\"><img loading=\"lazy\" decoding=\"async\" class=\"aligncenter size-full wp-image-2573\" src=\"https:\/\/lacom-coating.de\/wp-content\/uploads\/2025\/07\/ALAU-CL_120708A_Carpet_Innovation_Line_4200.png\" alt=\"\" width=\"1400\" height=\"630\" \/><\/p>\n<p style=\"text-align: left;\"><span style=\"color: #808080;\"><b>Our core competencies:<\/b><\/span><\/p>\n<ul style=\"text-align: left;\">\n<li><span style=\"color: #808080;\">Robust laminates: dimensionally stable, antistatic, flame retardant<\/span><\/li>\n<li><span style=\"color: #808080;\">Effizient &amp; \u00f6kologisch: Umweltschonende Hotmelt-Technologie statt L\u00f6semittel.<\/span><\/li>\n<li><span style=\"color: #808080;\">Perfected thermoplastic application: production of almost all textile products thanks to a multi-roller system.<\/span><\/li>\n<li><span style=\"color: #808080;\">Giant Version: Ideal for the carpet industry (up to 5,200 mm working width, compact design) \u2013 maximum performance in minimum space. The machine can be integrated into an existing wet coating process.<\/span><\/li>\n<\/ul>\n<p style=\"text-align: left;\"><img loading=\"lazy\" decoding=\"async\" class=\"aligncenter wp-image-2448 size-large\" src=\"https:\/\/lacom-coating.de\/wp-content\/uploads\/2025\/06\/ALAU_CL_Pilot-Carpet_917461A.H-1024x662.png\" alt=\"\" width=\"860\" height=\"556\" srcset=\"https:\/\/lacom-coating.de\/wp-content\/uploads\/2025\/06\/ALAU_CL_Pilot-Carpet_917461A.H-1024x662.png 1024w, https:\/\/lacom-coating.de\/wp-content\/uploads\/2025\/06\/ALAU_CL_Pilot-Carpet_917461A.H-300x194.png 300w, https:\/\/lacom-coating.de\/wp-content\/uploads\/2025\/06\/ALAU_CL_Pilot-Carpet_917461A.H-768x497.png 768w, https:\/\/lacom-coating.de\/wp-content\/uploads\/2025\/06\/ALAU_CL_Pilot-Carpet_917461A.H-1536x993.png 1536w, https:\/\/lacom-coating.de\/wp-content\/uploads\/2025\/06\/ALAU_CL_Pilot-Carpet_917461A.H.png 1800w\" sizes=\"auto, (max-width: 860px) 100vw, 860px\" \/><\/p>\n<p style=\"text-align: left;\">\n<p style=\"text-align: left;\"><span style=\"color: #808080;\">Trust Aumann for innovative, environmentally friendly and efficient coating solutions.<\/span><\/p>\n<p>&nbsp;<\/p>\n<\/div>\n<hr \/>\n<div class=\"item active left\">\n<p style=\"text-align: left;\">\n<\/div>\n<p style=\"text-align: left;\"><span style=\"color: #808080;\"><img loading=\"lazy\" decoding=\"async\" class=\"wp-image-2222 size-thumbnail alignleft\" src=\"https:\/\/lacom-coating.de\/wp-content\/uploads\/2024\/03\/ALAU_Button_Flooring-1-200x200.png\" alt=\"\" width=\"200\" height=\"200\" srcset=\"https:\/\/lacom-coating.de\/wp-content\/uploads\/2024\/03\/ALAU_Button_Flooring-1-200x200.png 200w, https:\/\/lacom-coating.de\/wp-content\/uploads\/2024\/03\/ALAU_Button_Flooring-1-400x400.png 400w, https:\/\/lacom-coating.de\/wp-content\/uploads\/2024\/03\/ALAU_Button_Flooring-1-600x600.png 600w, https:\/\/lacom-coating.de\/wp-content\/uploads\/2024\/03\/ALAU_Button_Flooring-1-90x90.png 90w, https:\/\/lacom-coating.de\/wp-content\/uploads\/2024\/03\/ALAU_Button_Flooring-1-75x75.png 75w, https:\/\/lacom-coating.de\/wp-content\/uploads\/2024\/03\/ALAU_Button_Flooring-1.png 640w\" sizes=\"auto, (max-width: 200px) 100vw, 200px\" \/><\/span><\/p>\n<p style=\"text-align: left;\">\n<p style=\"text-align: left;\"><span style=\"color: #808080;\"><b>Aumann as your competent partner:<\/b><\/span><\/p>\n<ul style=\"text-align: left;\">\n<li><span style=\"color: #808080;\">Customized solutions<\/span><\/li>\n<li><span style=\"color: #808080;\">Efficiency &amp; Precision<\/span><\/li>\n<li><span style=\"color: #808080;\">Durability &amp; value retention<\/span><\/li>\n<\/ul>\n<\/div>\n<\/div>\n<\/div>\n<h5 style=\"text-align: left;\"><\/h5>\n<h5 style=\"text-align: left;\"><\/h5>\n<h5 style=\"text-align: left;\"><\/h5>\n<h5 style=\"text-align: left;\"><\/h5>\n<p style=\"text-align: left;\"><span style=\"color: #808080;\"><em>Support that has a positive impact in terms of time, costs, sustainability, and efficiency.<br \/>\n<\/em><\/span><span style=\"color: #808080;\">Give us a call. Tel: +49 (0)7363 951-0<\/span><\/p>","protected":false},"excerpt":{"rendered":"<p>Innovative Beschichtungsl\u00f6sungen f\u00fcr Teppiche Aumann bietet Anlagen, die h\u00f6chste Funktionalit\u00e4t und Langlebigkeit garantieren. Unsere Kernkompetenzen: Robuste Laminate: formstabil, antistatisch, schwer entflammbar Effizient &amp; \u00f6kologisch: Umweltschonende Hotmelt-Technologie statt L\u00f6semittel. Perfektionierte Thermoplast-Anwendung: Herstellung nahezu aller textilen Produkte dank Mehrwalzensystem. Giant Version: Ideal f\u00fcr Teppichindustrie (bis 5.200 mm Arbeitsbreite, kompakte Bauweise) \u2013 h\u00f6chste Leistung auf minimalem Raum. Die Maschine kann in einen bestehenden<\/p>","protected":false},"author":1,"featured_media":0,"parent":56,"menu_order":0,"comment_status":"closed","ping_status":"closed","template":"","meta":{"footnotes":""},"tags":[],"class_list":["post-58","page","type-page","status-publish","hentry"],"_links":{"self":[{"href":"https:\/\/lacom-coating.de\/en\/wp-json\/wp\/v2\/pages\/58","targetHints":{"allow":["GET"]}}],"collection":[{"href":"https:\/\/lacom-coating.de\/en\/wp-json\/wp\/v2\/pages"}],"about":[{"href":"https:\/\/lacom-coating.de\/en\/wp-json\/wp\/v2\/types\/page"}],"author":[{"embeddable":true,"href":"https:\/\/lacom-coating.de\/en\/wp-json\/wp\/v2\/users\/1"}],"replies":[{"embeddable":true,"href":"https:\/\/lacom-coating.de\/en\/wp-json\/wp\/v2\/comments?post=58"}],"version-history":[{"count":17,"href":"https:\/\/lacom-coating.de\/en\/wp-json\/wp\/v2\/pages\/58\/revisions"}],"predecessor-version":[{"id":2771,"href":"https:\/\/lacom-coating.de\/en\/wp-json\/wp\/v2\/pages\/58\/revisions\/2771"}],"up":[{"embeddable":true,"href":"https:\/\/lacom-coating.de\/en\/wp-json\/wp\/v2\/pages\/56"}],"wp:attachment":[{"href":"https:\/\/lacom-coating.de\/en\/wp-json\/wp\/v2\/media?parent=58"}],"wp:term":[{"taxonomy":"post_tag","embeddable":true,"href":"https:\/\/lacom-coating.de\/en\/wp-json\/wp\/v2\/tags?post=58"}],"curies":[{"name":"wp","href":"https:\/\/api.w.org\/{rel}","templated":true}]}}