{"id":57,"date":"2016-11-15T19:23:07","date_gmt":"2016-11-15T18:23:07","guid":{"rendered":"http:\/\/alexmueller.org\/lacom\/?page_id=33"},"modified":"2025-09-04T11:14:29","modified_gmt":"2025-09-04T11:14:29","slug":"textile","status":"publish","type":"page","link":"https:\/\/lacom-coating.de\/en\/anwendungen\/textile\/","title":{"rendered":"Textile"},"content":{"rendered":"<p style=\"text-align: left;\"><span style=\"color: #808080;\"><b>Innovative coating solutions for high-quality textiles<br \/>\n<\/b><\/span><span style=\"color: #808080;\">Aumann offers systems that guarantee maximum functionality and durability for textile end applications.<\/span><\/p>\n<p>&nbsp;<\/p>\n<p><img loading=\"lazy\" decoding=\"async\" class=\"aligncenter size-full wp-image-2579\" src=\"https:\/\/lacom-coating.de\/wp-content\/uploads\/2025\/07\/ALAU-Beschichtungsanlage-EVO-1800-Torry-60001691A.web_-1.png\" alt=\"\" width=\"1400\" height=\"722\" srcset=\"https:\/\/lacom-coating.de\/wp-content\/uploads\/2025\/07\/ALAU-Beschichtungsanlage-EVO-1800-Torry-60001691A.web_-1.png 1400w, https:\/\/lacom-coating.de\/wp-content\/uploads\/2025\/07\/ALAU-Beschichtungsanlage-EVO-1800-Torry-60001691A.web_-1-300x155.png 300w, https:\/\/lacom-coating.de\/wp-content\/uploads\/2025\/07\/ALAU-Beschichtungsanlage-EVO-1800-Torry-60001691A.web_-1-1024x528.png 1024w, https:\/\/lacom-coating.de\/wp-content\/uploads\/2025\/07\/ALAU-Beschichtungsanlage-EVO-1800-Torry-60001691A.web_-1-768x396.png 768w\" sizes=\"auto, (max-width: 1400px) 100vw, 1400px\" \/><\/p>\n<p><span style=\"color: #808080;\"><b>Our core competencies:<\/b><\/span><\/p>\n<ul>\n<li><span style=\"color: #808080;\">Robust laminates: Thanks to reactive polyurethanes, your laminates are extremely heat and wash resistant.<\/span><\/li>\n<li><span style=\"color: #808080;\">Efficient &amp; ecological: We rely on environmentally friendly hot melt technology, which replaces solvent- and water-based solutions.<\/span><\/li>\n<li><span style=\"color: #808080;\">Perfected thermoplastic application: With our multi-roller system, we can manufacture almost all textile products using this advanced technology.<\/span><\/li>\n<li><span style=\"color: #808080;\">Compact version: Specially developed for textile laminates, this system offers a working width of up to 2,400 mm with a very compact design \u2013 ideal for the textile industry.<\/span><\/li>\n<li><span style=\"color: #808080;\">Evolution: As a high-performance machine for production speeds of up to 150 m\/min and working widths of up to 3,500 mm, this system is widely used in the manufacture of all types of flexible laminates.<\/span><\/li>\n<\/ul>\n<p><img loading=\"lazy\" decoding=\"async\" class=\"aligncenter wp-image-2457\" src=\"https:\/\/lacom-coating.de\/wp-content\/uploads\/2025\/06\/137821A_Auftragswerk_EVO_2200_Bedienseite_links.61.png\" alt=\"\" width=\"800\" height=\"520\" srcset=\"https:\/\/lacom-coating.de\/wp-content\/uploads\/2025\/06\/137821A_Auftragswerk_EVO_2200_Bedienseite_links.61.png 2326w, https:\/\/lacom-coating.de\/wp-content\/uploads\/2025\/06\/137821A_Auftragswerk_EVO_2200_Bedienseite_links.61-300x195.png 300w, https:\/\/lacom-coating.de\/wp-content\/uploads\/2025\/06\/137821A_Auftragswerk_EVO_2200_Bedienseite_links.61-1024x666.png 1024w, https:\/\/lacom-coating.de\/wp-content\/uploads\/2025\/06\/137821A_Auftragswerk_EVO_2200_Bedienseite_links.61-768x499.png 768w, https:\/\/lacom-coating.de\/wp-content\/uploads\/2025\/06\/137821A_Auftragswerk_EVO_2200_Bedienseite_links.61-1536x998.png 1536w, https:\/\/lacom-coating.de\/wp-content\/uploads\/2025\/06\/137821A_Auftragswerk_EVO_2200_Bedienseite_links.61-2048x1331.png 2048w\" sizes=\"auto, (max-width: 800px) 100vw, 800px\" \/><\/p>\n<p><span style=\"color: #808080;\">Trust Aumann for innovative, environmentally friendly and efficient coating solutions for your textile products.<\/span><\/p>\n<p>&nbsp;<\/p>\n<p>&nbsp;<\/p>\n<hr \/>\n<p>&nbsp;<\/p>\n<h5 style=\"text-align: right;\"><span style=\"color: #808080;\"><img loading=\"lazy\" decoding=\"async\" class=\"alignleft wp-image-2218 size-thumbnail\" src=\"https:\/\/lacom-coating.de\/wp-content\/uploads\/2024\/03\/ALAU_Button_Textile-1-200x200.png\" alt=\"\" width=\"200\" height=\"200\" srcset=\"https:\/\/lacom-coating.de\/wp-content\/uploads\/2024\/03\/ALAU_Button_Textile-1-200x200.png 200w, https:\/\/lacom-coating.de\/wp-content\/uploads\/2024\/03\/ALAU_Button_Textile-1-400x400.png 400w, https:\/\/lacom-coating.de\/wp-content\/uploads\/2024\/03\/ALAU_Button_Textile-1-600x600.png 600w, https:\/\/lacom-coating.de\/wp-content\/uploads\/2024\/03\/ALAU_Button_Textile-1-90x90.png 90w, https:\/\/lacom-coating.de\/wp-content\/uploads\/2024\/03\/ALAU_Button_Textile-1-75x75.png 75w, https:\/\/lacom-coating.de\/wp-content\/uploads\/2024\/03\/ALAU_Button_Textile-1.png 640w\" sizes=\"auto, (max-width: 200px) 100vw, 200px\" \/><\/span><\/h5>\n<p>&nbsp;<\/p>\n<p>&nbsp;<\/p>\n<p><span style=\"color: #808080;\"><b>Aumann as your competent partner:<\/b><\/span><\/p>\n<ul>\n<li><span style=\"color: #808080;\">Customized solutions<\/span><\/li>\n<li><span style=\"color: #808080;\">Efficiency &amp; Precision<\/span><\/li>\n<li><span style=\"color: #808080;\">Durability &amp; value retention<\/span><\/li>\n<\/ul>\n<p>&nbsp;<\/p>\n<p>&nbsp;<\/p>\n<p><span style=\"color: #808080;\">Support that has a positive impact in terms of time, costs, sustainability, and efficiency.<br \/>\n<\/span><span style=\"color: #808080;\">Give us a call. Tel: +49 (0)7363 951-0<\/span><\/p>","protected":false},"excerpt":{"rendered":"<p>Innovative Beschichtungsl\u00f6sungen f\u00fcr hochwertige Textilien Aumann bietet Anlagen, die h\u00f6chste Funktionalit\u00e4t und Langlebigkeit f\u00fcr textile Endanwendungen garantieren. &nbsp; Unsere Kernkompetenzen: Robuste Laminate: Dank reaktiver Polyurethane sind Ihre Laminate extrem hitze- und waschbest\u00e4ndig. Effizient &amp; \u00f6kologisch: Wir setzen auf umweltschonende Hotmelt-Technologie, die l\u00f6semittel- und wasserbasierte L\u00f6sungen ersetzt. Perfektionierte Thermoplast-Anwendung: Mit unserem Mehrwalzensystem k\u00f6nnen wir nahezu alle textilen Produkte mit dieser fortschrittlichen<\/p>","protected":false},"author":1,"featured_media":0,"parent":56,"menu_order":0,"comment_status":"closed","ping_status":"closed","template":"","meta":{"footnotes":""},"tags":[],"class_list":["post-57","page","type-page","status-publish","hentry"],"_links":{"self":[{"href":"https:\/\/lacom-coating.de\/en\/wp-json\/wp\/v2\/pages\/57","targetHints":{"allow":["GET"]}}],"collection":[{"href":"https:\/\/lacom-coating.de\/en\/wp-json\/wp\/v2\/pages"}],"about":[{"href":"https:\/\/lacom-coating.de\/en\/wp-json\/wp\/v2\/types\/page"}],"author":[{"embeddable":true,"href":"https:\/\/lacom-coating.de\/en\/wp-json\/wp\/v2\/users\/1"}],"replies":[{"embeddable":true,"href":"https:\/\/lacom-coating.de\/en\/wp-json\/wp\/v2\/comments?post=57"}],"version-history":[{"count":14,"href":"https:\/\/lacom-coating.de\/en\/wp-json\/wp\/v2\/pages\/57\/revisions"}],"predecessor-version":[{"id":2842,"href":"https:\/\/lacom-coating.de\/en\/wp-json\/wp\/v2\/pages\/57\/revisions\/2842"}],"up":[{"embeddable":true,"href":"https:\/\/lacom-coating.de\/en\/wp-json\/wp\/v2\/pages\/56"}],"wp:attachment":[{"href":"https:\/\/lacom-coating.de\/en\/wp-json\/wp\/v2\/media?parent=57"}],"wp:term":[{"taxonomy":"post_tag","embeddable":true,"href":"https:\/\/lacom-coating.de\/en\/wp-json\/wp\/v2\/tags?post=57"}],"curies":[{"name":"wp","href":"https:\/\/api.w.org\/{rel}","templated":true}]}}