{"id":56,"date":"2016-11-15T19:22:30","date_gmt":"2016-11-15T18:22:30","guid":{"rendered":"http:\/\/alexmueller.org\/lacom\/?page_id=31"},"modified":"2025-07-24T12:52:08","modified_gmt":"2025-07-24T12:52:08","slug":"anwendungen","status":"publish","type":"page","link":"https:\/\/lacom-coating.de\/en\/anwendungen\/","title":{"rendered":"Applications"},"content":{"rendered":"<p style=\"text-align: center;\"><\/p>\r\n<p style=\"text-align: center;\"><\/p>\r\n\r\n<figure class=\"wp-block-table\">\r\n<table class=\"has-fixed-layout\">\r\n<tbody>\r\n<tr>\r\n<td class=\"has-text-align-center\" data-align=\"center\"><a href=\"https:\/\/lacom-coating.de\/en\/fuel-cell\/\"><img loading=\"lazy\" decoding=\"async\" class=\"aligncenter wp-image-2723 size-full\" src=\"https:\/\/lacom-coating.de\/wp-content\/uploads\/2025\/07\/ALAU_Button_Blue-Line-1.png\" alt=\"\" width=\"640\" height=\"640\" srcset=\"https:\/\/lacom-coating.de\/wp-content\/uploads\/2025\/07\/ALAU_Button_Blue-Line-1.png 640w, https:\/\/lacom-coating.de\/wp-content\/uploads\/2025\/07\/ALAU_Button_Blue-Line-1-300x300.png 300w, https:\/\/lacom-coating.de\/wp-content\/uploads\/2025\/07\/ALAU_Button_Blue-Line-1-150x150.png 150w, https:\/\/lacom-coating.de\/wp-content\/uploads\/2025\/07\/ALAU_Button_Blue-Line-1-90x90.png 90w, https:\/\/lacom-coating.de\/wp-content\/uploads\/2025\/07\/ALAU_Button_Blue-Line-1-75x75.png 75w\" sizes=\"auto, (max-width: 640px) 100vw, 640px\" \/><\/a><\/td>\r\n<td><a href=\"https:\/\/lacom-coating.de\/en\/battery\/\"><img loading=\"lazy\" decoding=\"async\" src=\"https:\/\/lacom-coating.de\/wp-content\/uploads\/2025\/07\/ALAU_Button_emobiltiy-1.png\" alt=\"\" width=\"640\" height=\"640\" \/><\/a><\/td>\r\n<td><a href=\"https:\/\/lacom-coating.de\/en\/technical-center\/\"><img loading=\"lazy\" decoding=\"async\" class=\"alignnone\" src=\"https:\/\/lacom-coating.de\/wp-content\/uploads\/2025\/07\/ALAU_Button_Anwendungen.png\" alt=\"\" width=\"640\" height=\"640\" \/><\/a><\/td>\r\n<\/tr>\r\n<tr>\r\n<td class=\"has-text-align-center\" data-align=\"center\"><a href=\"https:\/\/lacom-coating.de\/en\/anwendungen\/lacom-flooring\/\"><img loading=\"lazy\" decoding=\"async\" src=\"https:\/\/lacom-coating.de\/wp-content\/uploads\/2025\/07\/ALAU_Button_Flooring.png\" alt=\"\" width=\"640\" height=\"640\" \/><\/a><\/td>\r\n<td><a href=\"https:\/\/lacom-coating.de\/en\/anwendungen\/textile\/\"><img loading=\"lazy\" decoding=\"async\" src=\"https:\/\/lacom-coating.de\/wp-content\/uploads\/2025\/07\/ALAU_Button_Textile.png\" alt=\"\" width=\"640\" height=\"640\" \/><\/a><\/td>\r\n<td><a href=\"https:\/\/lacom-coating.de\/en\/anwendungen\/industry\/\"><img loading=\"lazy\" decoding=\"async\" src=\"https:\/\/lacom-coating.de\/wp-content\/uploads\/2025\/07\/ALAU_Button_Industry.png\" alt=\"\" width=\"640\" height=\"640\" \/><\/a><\/td>\r\n<\/tr>\r\n<tr>\r\n<td class=\"has-text-align-center\" data-align=\"center\"><a href=\"https:\/\/lacom-coating.de\/en\/decor\/\"><img loading=\"lazy\" decoding=\"async\" src=\"https:\/\/lacom-coating.de\/wp-content\/uploads\/2025\/07\/ALAU_Button_Decor.png\" alt=\"\" width=\"640\" height=\"640\" \/><\/a><\/td>\r\n<td><a href=\"https:\/\/lacom-coating.de\/en\/tape\/\"><img loading=\"lazy\" decoding=\"async\" src=\"https:\/\/lacom-coating.de\/wp-content\/uploads\/2025\/07\/ALAU_Button_Tape.png\" alt=\"\" width=\"640\" height=\"640\" \/><\/a><\/td>\r\n<td><a href=\"https:\/\/lacom-coating.de\/en\/medical\/\"><img loading=\"lazy\" decoding=\"async\" src=\"https:\/\/lacom-coating.de\/wp-content\/uploads\/2025\/07\/ALAU_Button_Medical.png\" alt=\"\" width=\"640\" height=\"640\" \/><\/a><\/td>\r\n<\/tr>\r\n<\/tbody>\r\n<\/table>\r\n<\/figure>\r\n<p style=\"text-align: center;\"><\/p>\r\n<p style=\"text-align: center;\"><\/p>\r\n<p style=\"text-align: center;\"><span style=\"color: #808080;\">Aumann Lauchheim GmbH is known worldwide for its expertise in the development and manufacture of laminating and coating systems as well as e-mobility. In addition to our standard range, we offer our customers tailor-made complete solutions to ensure maximum flexibility, quality, and efficiency.<\/span><\/p>\r\n<p style=\"text-align: center;\"><span style=\"color: #808080;\">We manufacture machine and plant concepts for a wide range of industries and applications. Our technologies guarantee you a perfect end product. With our latest innovations, we are always at the forefront of the market, setting new trends and standards in the applications and markets we serve.<\/span><\/p>\r\n<p style=\"text-align: center;\"><span style=\"color: #808080;\">Aumann Lauchheim GmbH is a reliable partner in many areas of application, with an in-depth understanding of how to coordinate individual process steps and bring them together and map them internally in the most efficient way possible.<\/span><\/p>\r\n\r\n<h5 style=\"text-align: center;\"><span style=\"color: #808080;\"><em>Support that has a positive impact in terms of time, costs, sustainability, and efficiency.<\/em><\/span><\/h5>\r\n<p style=\"text-align: center;\"><span style=\"color: #808080;\">Give us a call. Tel: +49 (0)7363 951-0<\/span><\/p>\r\n<p style=\"text-align: center;\"><\/p>","protected":false},"excerpt":{"rendered":"<p>Die Aumann Lauchheim GmbH ist weltweit bekannt f\u00fcr ihre Kompetenz bei der Entwicklung und Herstellung von Laminier- und Beschichtungsanlagen sowie e-mobility. Neben unserem Standardprogramm, bieten wir unseren Kunden ma\u00dfgeschneiderte Komplettl\u00f6sungen an, um so ein Maximum an Flexibilit\u00e4t, Qualit\u00e4t und Effizienz zu gew\u00e4hrleisten. Wir fertigen Maschinen- und Anlagenkonzepte f\u00fcr unterschiedlichste Industrien und Anwendungsgebiete. Unsere Technologien garantieren Ihnen ein perfektes Endprodukt. Mit<\/p>","protected":false},"author":1,"featured_media":0,"parent":0,"menu_order":0,"comment_status":"closed","ping_status":"closed","template":"","meta":{"footnotes":""},"tags":[],"class_list":["post-56","page","type-page","status-publish","hentry"],"_links":{"self":[{"href":"https:\/\/lacom-coating.de\/en\/wp-json\/wp\/v2\/pages\/56","targetHints":{"allow":["GET"]}}],"collection":[{"href":"https:\/\/lacom-coating.de\/en\/wp-json\/wp\/v2\/pages"}],"about":[{"href":"https:\/\/lacom-coating.de\/en\/wp-json\/wp\/v2\/types\/page"}],"author":[{"embeddable":true,"href":"https:\/\/lacom-coating.de\/en\/wp-json\/wp\/v2\/users\/1"}],"replies":[{"embeddable":true,"href":"https:\/\/lacom-coating.de\/en\/wp-json\/wp\/v2\/comments?post=56"}],"version-history":[{"count":5,"href":"https:\/\/lacom-coating.de\/en\/wp-json\/wp\/v2\/pages\/56\/revisions"}],"predecessor-version":[{"id":2792,"href":"https:\/\/lacom-coating.de\/en\/wp-json\/wp\/v2\/pages\/56\/revisions\/2792"}],"wp:attachment":[{"href":"https:\/\/lacom-coating.de\/en\/wp-json\/wp\/v2\/media?parent=56"}],"wp:term":[{"taxonomy":"post_tag","embeddable":true,"href":"https:\/\/lacom-coating.de\/en\/wp-json\/wp\/v2\/tags?post=56"}],"curies":[{"name":"wp","href":"https:\/\/api.w.org\/{rel}","templated":true}]}}