{"id":391,"date":"2016-11-19T21:05:54","date_gmt":"2016-11-19T20:05:54","guid":{"rendered":"http:\/\/lacom-online.com\/?page_id=391"},"modified":"2025-11-26T09:36:06","modified_gmt":"2025-11-26T09:36:06","slug":"pilot-version","status":"publish","type":"page","link":"https:\/\/lacom-coating.de\/en\/maschinensysteme\/pilot-version\/","title":{"rendered":"Pilot-Textile"},"content":{"rendered":"<p><span style=\"color: #808080;\"><img decoding=\"async\" class=\"size-full wp-image-2451 alignleft\" src=\"https:\/\/lacom-coating.de\/wp-content\/uploads\/2025\/06\/ALAU_CL_PILOT-600_textile-A_917461A-30\u00b0.png\" alt=\"\" \/><\/span><\/p>\n<p style=\"text-align: left;\"><span style=\"color: #808080;\">The Lacom Pilot Version is the ideal solution for production-like testing of laminating and coating processes. It offers all the advantages of Lacom technology in a compact footprint and enables the testing and validation of new developments for all Lacom systems. Working widths of up to 500 mm guarantee meaningful test results with the simplest operation and simplified material handling for a cost-effective validation phase. The Lacom Pilot Version is equipped with a multi-purpose application head that allows instant switching between spot and full-surface coating.<\/span><\/p>\n<p style=\"text-align: left;\"><span style=\"color: #808080;\"><strong>Working widths<\/strong><\/span><\/p>\n<ul style=\"text-align: left;\">\n<li><span style=\"color: #808080;\">bis 500mm<\/span><\/li>\n<\/ul>\n<p style=\"text-align: left;\"><span style=\"color: #808080;\"><strong>Machine speed<\/strong><\/span><\/p>\n<ul style=\"text-align: left;\">\n<li><span style=\"color: #808080;\">1 &#8211; 20 m\/min<\/span><\/li>\n<\/ul>\n<p style=\"text-align: left;\"><span style=\"color: #808080;\"><strong>Coating and adhesive systems<\/strong><\/span><\/p>\n<ul style=\"text-align: left;\">\n<li><span style=\"color: #808080;\">thermoplastic and reactive hot melts<\/span><\/li>\n<\/ul>\n<p style=\"text-align: left;\"><span style=\"color: #808080;\"><strong>Application weight<\/strong><\/span><\/p>\n<ul style=\"text-align: left;\">\n<li><span style=\"color: #808080;\">5 &#8211; 500 g\/m<sup>2<\/sup><\/span><\/li>\n<\/ul>\n<p style=\"text-align: left;\"><span style=\"color: #808080;\"><strong>Application temperature<\/strong><\/span><\/p>\n<ul style=\"text-align: left;\">\n<li><span style=\"color: #808080;\">50\u00b0C &#8211; 210\u00b0C<\/span><\/li>\n<\/ul>\n<p style=\"text-align: left;\"><span style=\"color: #808080;\"><strong>Application systems<\/strong><\/span><\/p>\n<ul style=\"text-align: left;\">\n<li><span style=\"color: #808080;\">MRBL: Multi roll<\/span><\/li>\n<li><span style=\"color: #808080;\">Multi Purpose<\/span><\/li>\n<\/ul>\n<p style=\"text-align: left;\"><span style=\"color: #808080;\"><strong>Viscosity<\/strong><\/span><\/p>\n<ul style=\"text-align: left;\">\n<li><span style=\"color: #808080;\">2.000 &#8211; 40.000 mPa<\/span><\/li>\n<\/ul>\n<p style=\"text-align: left;\"><span style=\"color: #808080;\"><strong>Heating medium<\/strong><\/span><\/p>\n<ul style=\"text-align: center;\">\n<li style=\"text-align: left;\"><span style=\"color: #808080;\">thermal oil<\/span><\/li>\n<\/ul>\n<p>&nbsp;<\/p>\n<p>&nbsp;<\/p>\n<hr \/>\n<p>&nbsp;<\/p>\n<h5><span style=\"color: #999999;\"><img loading=\"lazy\" decoding=\"async\" class=\"alignleft wp-image-2638\" src=\"https:\/\/lacom-coating.de\/wp-content\/uploads\/2025\/07\/ALAU_Button_Textile.png\" alt=\"\" width=\"164\" height=\"164\" srcset=\"https:\/\/lacom-coating.de\/wp-content\/uploads\/2025\/07\/ALAU_Button_Textile.png 640w, https:\/\/lacom-coating.de\/wp-content\/uploads\/2025\/07\/ALAU_Button_Textile-300x300.png 300w, https:\/\/lacom-coating.de\/wp-content\/uploads\/2025\/07\/ALAU_Button_Textile-150x150.png 150w, https:\/\/lacom-coating.de\/wp-content\/uploads\/2025\/07\/ALAU_Button_Textile-90x90.png 90w, https:\/\/lacom-coating.de\/wp-content\/uploads\/2025\/07\/ALAU_Button_Textile-75x75.png 75w\" sizes=\"auto, (max-width: 164px) 100vw, 164px\" \/><\/span><\/h5>\n<p>&nbsp;<\/p>\n<p><span style=\"color: #999999;\"><b>Aumann as your competent partner:<\/b><\/span><\/p>\n<ul>\n<li><span style=\"color: #999999;\">Customized solutions<\/span><\/li>\n<li><span style=\"color: #999999;\">Efficiency &amp; Precision<\/span><\/li>\n<li><span style=\"color: #999999;\">Durability &amp; value retention<\/span><\/li>\n<\/ul>\n<p>&nbsp;<\/p>\n<p>&nbsp;<\/p>\n<p><span style=\"color: #999999;\">Support that has a positive impact in terms of time, costs, sustainability, and efficiency.<\/span><br \/>\n<span style=\"color: #999999;\">Give us a call. Tel: +49 (0)7363 951-0<\/span><\/p>\n<p>&nbsp;<\/p>","protected":false},"excerpt":{"rendered":"<p>Die Lacom Pilot Version ist die ideale L\u00f6sung f\u00fcr eine produktionsnahe Erprobung von Laminier- und Beschichtungsprozessen. Sie bietet alle Vorteile der Lacom Technologie auf kleinstem Raum und erm\u00f6glicht die Erprobung und Validierung von Neuentwicklungen f\u00fcr alle Lacom Anlagen. Arbeitsbreiten von bis zu 500mm garantieren aussagekr\u00e4ftige Testergebnisse bei einfachster Bedienung und erleichtertem Materialhandling f\u00fcr eine wirtschaftliche Validierungsphase. Die Lacom Pilot Version<\/p>","protected":false},"author":1,"featured_media":0,"parent":66,"menu_order":0,"comment_status":"closed","ping_status":"closed","template":"","meta":{"footnotes":""},"tags":[],"class_list":["post-391","page","type-page","status-publish","hentry"],"_links":{"self":[{"href":"https:\/\/lacom-coating.de\/en\/wp-json\/wp\/v2\/pages\/391","targetHints":{"allow":["GET"]}}],"collection":[{"href":"https:\/\/lacom-coating.de\/en\/wp-json\/wp\/v2\/pages"}],"about":[{"href":"https:\/\/lacom-coating.de\/en\/wp-json\/wp\/v2\/types\/page"}],"author":[{"embeddable":true,"href":"https:\/\/lacom-coating.de\/en\/wp-json\/wp\/v2\/users\/1"}],"replies":[{"embeddable":true,"href":"https:\/\/lacom-coating.de\/en\/wp-json\/wp\/v2\/comments?post=391"}],"version-history":[{"count":8,"href":"https:\/\/lacom-coating.de\/en\/wp-json\/wp\/v2\/pages\/391\/revisions"}],"predecessor-version":[{"id":2844,"href":"https:\/\/lacom-coating.de\/en\/wp-json\/wp\/v2\/pages\/391\/revisions\/2844"}],"up":[{"embeddable":true,"href":"https:\/\/lacom-coating.de\/en\/wp-json\/wp\/v2\/pages\/66"}],"wp:attachment":[{"href":"https:\/\/lacom-coating.de\/en\/wp-json\/wp\/v2\/media?parent=391"}],"wp:term":[{"taxonomy":"post_tag","embeddable":true,"href":"https:\/\/lacom-coating.de\/en\/wp-json\/wp\/v2\/tags?post=391"}],"curies":[{"name":"wp","href":"https:\/\/api.w.org\/{rel}","templated":true}]}}