{"id":384,"date":"2016-11-19T20:54:33","date_gmt":"2016-11-19T19:54:33","guid":{"rendered":"http:\/\/lacom-online.com\/?page_id=384"},"modified":"2025-07-24T12:43:37","modified_gmt":"2025-07-24T12:43:37","slug":"evolution-version","status":"publish","type":"page","link":"https:\/\/lacom-coating.de\/en\/maschinensysteme\/evolution-version\/","title":{"rendered":"Evolution"},"content":{"rendered":"<p><span style=\"color: #808080;\"><img loading=\"lazy\" decoding=\"async\" class=\"size-full wp-image-2457 alignleft\" src=\"https:\/\/lacom-coating.de\/wp-content\/uploads\/2025\/06\/137821A_Auftragswerk_EVO_2200_Bedienseite_links.61.png\" alt=\"\" width=\"2326\" height=\"1512\" srcset=\"https:\/\/lacom-coating.de\/wp-content\/uploads\/2025\/06\/137821A_Auftragswerk_EVO_2200_Bedienseite_links.61.png 2326w, https:\/\/lacom-coating.de\/wp-content\/uploads\/2025\/06\/137821A_Auftragswerk_EVO_2200_Bedienseite_links.61-300x195.png 300w, https:\/\/lacom-coating.de\/wp-content\/uploads\/2025\/06\/137821A_Auftragswerk_EVO_2200_Bedienseite_links.61-1024x666.png 1024w, https:\/\/lacom-coating.de\/wp-content\/uploads\/2025\/06\/137821A_Auftragswerk_EVO_2200_Bedienseite_links.61-768x499.png 768w, https:\/\/lacom-coating.de\/wp-content\/uploads\/2025\/06\/137821A_Auftragswerk_EVO_2200_Bedienseite_links.61-1536x998.png 1536w, https:\/\/lacom-coating.de\/wp-content\/uploads\/2025\/06\/137821A_Auftragswerk_EVO_2200_Bedienseite_links.61-2048x1331.png 2048w\" sizes=\"auto, (max-width: 2326px) 100vw, 2326px\" \/><\/span><\/p>\n<p style=\"text-align: left;\"><span style=\"color: #808080;\">For processing thermoplastic and reactive hot melts for highly breathable laminates and full-surface coatings.<\/span><\/p>\n<p style=\"text-align: left;\"><span style=\"color: #808080;\">Wide application for all types of flexible laminates such as technical textiles, automotive, transportation, multifunctional outerwear, medicine, home textiles, construction and industrial supplies (such as roofing membranes, abrasives, adhesive tapes), papers.<\/span><\/p>\n<p style=\"text-align: left;\"><span style=\"color: #808080;\">The hot-melt technology used offers maximum environmental friendliness and compatibility compared to conventional concepts such as solvent-based or water-based coating systems. It requires no exhaust air or liquor post-treatment, such as the highly complex and costly thermal afterburning of emissions that arises when processing organic solvents. Furthermore, this technology makes a significant contribution to the human ecology of the entire process. Furthermore, by eliminating drying and condensation sections, energy consumption can be reduced by approximately 30% and space requirements by approximately 60%. Compared to conventional coating systems, maintenance and setup costs are significantly lower.<\/span><\/p>\n<p style=\"text-align: left;\"><span style=\"color: #808080;\">The very compact design of the system allows for optimized personnel deployment and also enables the economical production of very small batch sizes.<\/span><\/p>\n<p>&nbsp;<\/p>\n<p style=\"text-align: left;\"><span style=\"color: #808080;\"><strong>Working widths<\/strong><\/span><\/p>\n<ul style=\"text-align: left;\">\n<li><span style=\"color: #808080;\">1.800 &#8211; 3.500 mm<\/span><\/li>\n<\/ul>\n<p style=\"text-align: left;\"><span style=\"color: #808080;\"><strong>Machine speed <\/strong><\/span><\/p>\n<ul style=\"text-align: left;\">\n<li><span style=\"color: #808080;\">5 -150m\/min<\/span><\/li>\n<\/ul>\n<p style=\"text-align: left;\"><span style=\"color: #808080;\"><strong>Coating and adhesive systems<\/strong><\/span><\/p>\n<ul style=\"text-align: left;\">\n<li><span style=\"color: #808080;\">Thermoplastic and reactive hot melts<\/span><\/li>\n<\/ul>\n<p style=\"text-align: left;\"><span style=\"color: #808080;\"><strong>Auftragsgewichte<\/strong><\/span><\/p>\n<ul style=\"text-align: left;\">\n<li><span style=\"color: #808080;\">5 &#8211; 3.000 g\/m\u00b2<\/span><\/li>\n<\/ul>\n<p style=\"text-align: left;\"><span style=\"color: #808080;\"><strong>Application temperature<\/strong><\/span><\/p>\n<ul style=\"text-align: left;\">\n<li><span style=\"color: #808080;\">50\u00b0C &#8211; 300 \u00b0C<\/span><\/li>\n<\/ul>\n<p style=\"text-align: left;\"><span style=\"color: #808080;\"><strong>Application systems<\/strong><\/span><\/p>\n<ul style=\"text-align: left;\">\n<li><span style=\"color: #808080;\">Engraved rollers<\/span><\/li>\n<li><span style=\"color: #808080;\">Multi-Roller<\/span><\/li>\n<li><span style=\"color: #808080;\">Multi Purpose<\/span><\/li>\n<li><span style=\"color: #808080;\">Slot die<\/span><\/li>\n<\/ul>\n<p style=\"text-align: left;\"><span style=\"color: #808080;\"><strong>Viskosit\u00e4ten<\/strong><\/span><\/p>\n<ul style=\"text-align: left;\">\n<li><span style=\"color: #808080;\">5.000 &#8211; 150.000 mPas<\/span><\/li>\n<\/ul>\n<p style=\"text-align: left;\"><span style=\"color: #808080;\"><strong>Heizmedium\u00a0<\/strong><\/span><\/p>\n<ul style=\"text-align: center;\">\n<li style=\"text-align: left;\"><span style=\"color: #808080;\">thermal oil<\/span><\/li>\n<\/ul>\n<p>&nbsp;<\/p>\n<p>&nbsp;<\/p>\n<hr \/>\n<p>&nbsp;<\/p>\n<h5><span style=\"color: #999999;\"><img loading=\"lazy\" decoding=\"async\" class=\"alignleft wp-image-2638\" src=\"https:\/\/lacom-coating.de\/wp-content\/uploads\/2025\/07\/ALAU_Button_Textile.png\" alt=\"\" width=\"164\" height=\"164\" srcset=\"https:\/\/lacom-coating.de\/wp-content\/uploads\/2025\/07\/ALAU_Button_Textile.png 640w, https:\/\/lacom-coating.de\/wp-content\/uploads\/2025\/07\/ALAU_Button_Textile-300x300.png 300w, https:\/\/lacom-coating.de\/wp-content\/uploads\/2025\/07\/ALAU_Button_Textile-150x150.png 150w, https:\/\/lacom-coating.de\/wp-content\/uploads\/2025\/07\/ALAU_Button_Textile-90x90.png 90w, https:\/\/lacom-coating.de\/wp-content\/uploads\/2025\/07\/ALAU_Button_Textile-75x75.png 75w\" sizes=\"auto, (max-width: 164px) 100vw, 164px\" \/><\/span><\/h5>\n<h5><img loading=\"lazy\" decoding=\"async\" class=\"alignleft wp-image-2636\" src=\"https:\/\/lacom-coating.de\/wp-content\/uploads\/2025\/07\/ALAU_Button_Flooring.png\" alt=\"\" width=\"164\" height=\"164\" srcset=\"https:\/\/lacom-coating.de\/wp-content\/uploads\/2025\/07\/ALAU_Button_Flooring.png 640w, https:\/\/lacom-coating.de\/wp-content\/uploads\/2025\/07\/ALAU_Button_Flooring-300x300.png 300w, https:\/\/lacom-coating.de\/wp-content\/uploads\/2025\/07\/ALAU_Button_Flooring-150x150.png 150w, https:\/\/lacom-coating.de\/wp-content\/uploads\/2025\/07\/ALAU_Button_Flooring-90x90.png 90w, https:\/\/lacom-coating.de\/wp-content\/uploads\/2025\/07\/ALAU_Button_Flooring-75x75.png 75w\" sizes=\"auto, (max-width: 164px) 100vw, 164px\" \/><\/h5>\n<p>&nbsp;<\/p>\n<p><span style=\"color: #999999;\"><b>Aumann as your competent partner:<\/b><\/span><\/p>\n<ul>\n<li><span style=\"color: #999999;\">Customized solutions<\/span><\/li>\n<li><span style=\"color: #999999;\">Efficiency &amp; Precision<\/span><\/li>\n<li><span style=\"color: #999999;\">Durability &amp; value retention<\/span><\/li>\n<\/ul>\n<p>&nbsp;<\/p>\n<p>&nbsp;<\/p>\n<p><span style=\"color: #999999;\">Support that has a positive impact in terms of time, costs, sustainability, and efficiency.<\/span><br \/>\n<span style=\"color: #999999;\">Give us a call. Tel: +49 (0)7363 951-0<\/span><\/p>","protected":false},"excerpt":{"rendered":"<p>Zur Verarbeitung von thermoplastischen und reaktiven Hotmelts f\u00fcr hochatmungsaktive Laminate und vollfl\u00e4chige Beschichtungen. Breite Anwendung f\u00fcr flexible Laminate aller Art wie technische Textilien, Automotiv, Transportation, multifunktionale Oberbekleidung, Medizin, Heimtextilien, Bau- und Industriebedarf (wie z.B. Dachunterspannbahnen, Schleifmittel, Klebeb\u00e4nder), Papiere. Die eingesetzte Hotmelttechnologie bietet ein Maximum an Umweltfreundlichkeit und Vertr\u00e4glichkeit \u00a0im Vergleich\u00a0zu konventionellen Konzepten wie\u00a0\u00a0l\u00f6sungsmittelhaltigen oder w\u00e4ssrigen Beschichtungssystemen. Sie bedarf keinerlei Abluft-<\/p>","protected":false},"author":1,"featured_media":0,"parent":66,"menu_order":0,"comment_status":"closed","ping_status":"closed","template":"","meta":{"footnotes":""},"tags":[],"class_list":["post-384","page","type-page","status-publish","hentry"],"_links":{"self":[{"href":"https:\/\/lacom-coating.de\/en\/wp-json\/wp\/v2\/pages\/384","targetHints":{"allow":["GET"]}}],"collection":[{"href":"https:\/\/lacom-coating.de\/en\/wp-json\/wp\/v2\/pages"}],"about":[{"href":"https:\/\/lacom-coating.de\/en\/wp-json\/wp\/v2\/types\/page"}],"author":[{"embeddable":true,"href":"https:\/\/lacom-coating.de\/en\/wp-json\/wp\/v2\/users\/1"}],"replies":[{"embeddable":true,"href":"https:\/\/lacom-coating.de\/en\/wp-json\/wp\/v2\/comments?post=384"}],"version-history":[{"count":9,"href":"https:\/\/lacom-coating.de\/en\/wp-json\/wp\/v2\/pages\/384\/revisions"}],"predecessor-version":[{"id":2779,"href":"https:\/\/lacom-coating.de\/en\/wp-json\/wp\/v2\/pages\/384\/revisions\/2779"}],"up":[{"embeddable":true,"href":"https:\/\/lacom-coating.de\/en\/wp-json\/wp\/v2\/pages\/66"}],"wp:attachment":[{"href":"https:\/\/lacom-coating.de\/en\/wp-json\/wp\/v2\/media?parent=384"}],"wp:term":[{"taxonomy":"post_tag","embeddable":true,"href":"https:\/\/lacom-coating.de\/en\/wp-json\/wp\/v2\/tags?post=384"}],"curies":[{"name":"wp","href":"https:\/\/api.w.org\/{rel}","templated":true}]}}