{"id":382,"date":"2016-11-19T20:50:57","date_gmt":"2016-11-19T19:50:57","guid":{"rendered":"http:\/\/lacom-online.com\/?page_id=382"},"modified":"2025-07-24T12:46:31","modified_gmt":"2025-07-24T12:46:31","slug":"multi-roller-carpet","status":"publish","type":"page","link":"https:\/\/lacom-coating.de\/en\/maschinensysteme\/multi-roller-carpet\/","title":{"rendered":"GIANT"},"content":{"rendered":"<p><span style=\"color: #808080;\"><img loading=\"lazy\" decoding=\"async\" class=\"size-full wp-image-2460 alignleft\" src=\"https:\/\/lacom-coating.de\/wp-content\/uploads\/2025\/06\/ALAU_CL_GIANT_Mutliroller-Carpet-688874A-30\u00b0.png\" alt=\"\" width=\"1688\" height=\"909\" srcset=\"https:\/\/lacom-coating.de\/wp-content\/uploads\/2025\/06\/ALAU_CL_GIANT_Mutliroller-Carpet-688874A-30\u00b0.png 1688w, https:\/\/lacom-coating.de\/wp-content\/uploads\/2025\/06\/ALAU_CL_GIANT_Mutliroller-Carpet-688874A-30\u00b0-300x162.png 300w, https:\/\/lacom-coating.de\/wp-content\/uploads\/2025\/06\/ALAU_CL_GIANT_Mutliroller-Carpet-688874A-30\u00b0-1024x551.png 1024w, https:\/\/lacom-coating.de\/wp-content\/uploads\/2025\/06\/ALAU_CL_GIANT_Mutliroller-Carpet-688874A-30\u00b0-768x414.png 768w, https:\/\/lacom-coating.de\/wp-content\/uploads\/2025\/06\/ALAU_CL_GIANT_Mutliroller-Carpet-688874A-30\u00b0-1536x827.png 1536w\" sizes=\"auto, (max-width: 1688px) 100vw, 1688px\" \/><\/span><\/p>\n<p style=\"text-align: left;\"><span style=\"color: #808080;\">The Multi Roller Carpet version, with its high maximum application weight, offers the ideal conditions for coating carpet backing with a second flame-resistant or antistatic layer. It is also suitable for heavy-duty coatings or secondary backing lamination. With a working width of up to 5,200 mm, efficient production is ensured.<\/span><\/p>\n<p style=\"text-align: left;\"><span style=\"color: #808080;\"><strong>Features<\/strong><\/span><\/p>\n<ul style=\"text-align: left;\">\n<li><span style=\"color: #808080;\">Modular design<\/span><\/li>\n<\/ul>\n<p style=\"text-align: left;\"><span style=\"color: #808080;\"><strong>Benefits<\/strong><\/span><\/p>\n<ul style=\"text-align: left;\">\n<li><span style=\"color: #808080;\">precise coating of carpet backing<\/span><\/li>\n<li><span style=\"color: #808080;\">With additional peripheral modules, the system can be expanded in many ways to meet customer requirements<\/span><\/li>\n<\/ul>\n<p style=\"text-align: left;\"><span style=\"color: #808080;\"><strong>Working widths<\/strong><\/span><\/p>\n<ul style=\"text-align: left;\">\n<li><span style=\"color: #808080;\">4.200 mm<\/span><\/li>\n<li><span style=\"color: #808080;\">5.200 mm<\/span><\/li>\n<\/ul>\n<p style=\"text-align: left;\"><span style=\"color: #808080;\"><strong>Machine speed<\/strong><\/span><\/p>\n<ul style=\"text-align: left;\">\n<li><span style=\"color: #808080;\">0,5 &#8211; 20 m\/min.<\/span><\/li>\n<\/ul>\n<p style=\"text-align: left;\"><span style=\"color: #808080;\"><strong>Coating and adhesive systems<\/strong><\/span><\/p>\n<ul style=\"text-align: left;\">\n<li><span style=\"color: #808080;\">thermoplastic and reactive hot melts<\/span><\/li>\n<\/ul>\n<p style=\"text-align: left;\"><span style=\"color: #808080;\"><strong>Application weight<\/strong><\/span><\/p>\n<ul style=\"text-align: left;\">\n<li><span style=\"color: #808080;\">100 &#8211; 3000 g\/m<sup>2<\/sup><\/span><\/li>\n<\/ul>\n<p style=\"text-align: left;\"><span style=\"color: #808080;\"><strong>Application temperature<\/strong><\/span><\/p>\n<ul style=\"text-align: left;\">\n<li><span style=\"color: #808080;\">50\u00b0C &#8211; 200\u00b0C<\/span><\/li>\n<\/ul>\n<p style=\"text-align: left;\"><span style=\"color: #808080;\"><strong>Application systems<\/strong><\/span><\/p>\n<ul style=\"text-align: left;\">\n<li><span style=\"color: #808080;\">Multi-Roller<\/span><\/li>\n<\/ul>\n<p style=\"text-align: left;\"><span style=\"color: #808080;\"><strong>Viscosity<\/strong><\/span><\/p>\n<ul style=\"text-align: left;\">\n<li><span style=\"color: #808080;\">10.000 &#8211; 80.000 mPa<\/span><\/li>\n<\/ul>\n<p style=\"text-align: left;\"><span style=\"color: #808080;\"><strong>Heating medium<\/strong><\/span><\/p>\n<ul>\n<li><span style=\"color: #808080;\"><span style=\"color: #808080;\">thermal oil<\/span><\/span><\/li>\n<\/ul>\n<p>&nbsp;<\/p>\n<hr \/>\n<p>&nbsp;<\/p>\n<h5><span style=\"color: #999999;\"><img loading=\"lazy\" decoding=\"async\" class=\"alignleft wp-image-2636\" src=\"https:\/\/lacom-coating.de\/wp-content\/uploads\/2025\/07\/ALAU_Button_Flooring.png\" alt=\"\" width=\"164\" height=\"164\" srcset=\"https:\/\/lacom-coating.de\/wp-content\/uploads\/2025\/07\/ALAU_Button_Flooring.png 640w, https:\/\/lacom-coating.de\/wp-content\/uploads\/2025\/07\/ALAU_Button_Flooring-300x300.png 300w, https:\/\/lacom-coating.de\/wp-content\/uploads\/2025\/07\/ALAU_Button_Flooring-150x150.png 150w, https:\/\/lacom-coating.de\/wp-content\/uploads\/2025\/07\/ALAU_Button_Flooring-90x90.png 90w, https:\/\/lacom-coating.de\/wp-content\/uploads\/2025\/07\/ALAU_Button_Flooring-75x75.png 75w\" sizes=\"auto, (max-width: 164px) 100vw, 164px\" \/><\/span><\/h5>\n<p>&nbsp;<\/p>\n<p><span style=\"color: #999999;\"><b>Aumann as your competent partner:<\/b><\/span><\/p>\n<ul>\n<li><span style=\"color: #999999;\">Customized solutions<\/span><\/li>\n<li><span style=\"color: #999999;\">Efficiency &amp; Precision<\/span><\/li>\n<li><span style=\"color: #999999;\">Durability &amp; value retention<\/span><\/li>\n<\/ul>\n<p>&nbsp;<\/p>\n<p>&nbsp;<\/p>\n<p><span style=\"color: #999999;\">Support that has a positive impact in terms of time, costs, sustainability, and efficiency.<\/span><br \/>\n<span style=\"color: #999999;\">Give us a call. Tel: +49 (0)7363 951-0<\/span><\/p>","protected":false},"excerpt":{"rendered":"<p>Die Multi Roller Carpet Version bietet mit ihrem hohen maximalen Auftragsgewicht die ideale Voraussetzung f\u00fcr die Beschichtung von Teppichr\u00fccken mit einer zweiten flammfesten oder antistatischen Schicht. Sie eignet sich au\u00dferdem f\u00fcr Schwerbeschichtungen oder eine Zweitr\u00fcckenkaschierung. Mit einer Arbeitsbreite von bis zu 5.200mm ist eine effektive Produktion gesichert. Merkmale Modulbauweise Vorteile exakte Beschichtung von Teppichr\u00fccken mit zus\u00e4tzlichem Peripheriemodulen kann die\u00a0Anlage vielf\u00e4ltig<\/p>","protected":false},"author":1,"featured_media":0,"parent":66,"menu_order":0,"comment_status":"closed","ping_status":"closed","template":"","meta":{"footnotes":""},"tags":[],"class_list":["post-382","page","type-page","status-publish","hentry"],"_links":{"self":[{"href":"https:\/\/lacom-coating.de\/en\/wp-json\/wp\/v2\/pages\/382","targetHints":{"allow":["GET"]}}],"collection":[{"href":"https:\/\/lacom-coating.de\/en\/wp-json\/wp\/v2\/pages"}],"about":[{"href":"https:\/\/lacom-coating.de\/en\/wp-json\/wp\/v2\/types\/page"}],"author":[{"embeddable":true,"href":"https:\/\/lacom-coating.de\/en\/wp-json\/wp\/v2\/users\/1"}],"replies":[{"embeddable":true,"href":"https:\/\/lacom-coating.de\/en\/wp-json\/wp\/v2\/comments?post=382"}],"version-history":[{"count":5,"href":"https:\/\/lacom-coating.de\/en\/wp-json\/wp\/v2\/pages\/382\/revisions"}],"predecessor-version":[{"id":2784,"href":"https:\/\/lacom-coating.de\/en\/wp-json\/wp\/v2\/pages\/382\/revisions\/2784"}],"up":[{"embeddable":true,"href":"https:\/\/lacom-coating.de\/en\/wp-json\/wp\/v2\/pages\/66"}],"wp:attachment":[{"href":"https:\/\/lacom-coating.de\/en\/wp-json\/wp\/v2\/media?parent=382"}],"wp:term":[{"taxonomy":"post_tag","embeddable":true,"href":"https:\/\/lacom-coating.de\/en\/wp-json\/wp\/v2\/tags?post=382"}],"curies":[{"name":"wp","href":"https:\/\/api.w.org\/{rel}","templated":true}]}}