{"id":2709,"date":"2025-07-24T06:54:53","date_gmt":"2025-07-24T06:54:53","guid":{"rendered":"https:\/\/lacom-coating.de\/?page_id=2709"},"modified":"2025-07-24T08:30:22","modified_gmt":"2025-07-24T08:30:22","slug":"service","status":"publish","type":"page","link":"https:\/\/lacom-coating.de\/en\/service\/","title":{"rendered":"Service"},"content":{"rendered":"<h2><span style=\"color: #999999;\">Service that safeguards production.<\/span><\/h2>\n<p><span style=\"color: #999999;\">The reliability of your production availability is Aumann's top priority. Our experienced service team is there for you worldwide \u2013 around the clock!<\/span><\/p>\n<p><a href=\"https:\/\/www.aumann.com\/en\/services\/service\" target=\"_blank\" rel=\"noopener\">Find out more -&gt;<\/a><\/p>\n<p><a href=\"https:\/\/www.aumann.com\/en\/services\/service\" target=\"_blank\" rel=\"noopener\"><img loading=\"lazy\" decoding=\"async\" class=\"aligncenter wp-image-2711 size-full\" src=\"https:\/\/lacom-coating.de\/wp-content\/uploads\/2025\/09\/Service-2025-09-04-portfolio.png\" alt=\"\" width=\"2555\" height=\"1152\" srcset=\"https:\/\/lacom-coating.de\/wp-content\/uploads\/2025\/09\/Service-2025-09-04-portfolio.png 2156w, https:\/\/lacom-coating.de\/wp-content\/uploads\/2025\/09\/Service-2025-09-04-portfolio-300x138.png 300w, https:\/\/lacom-coating.de\/wp-content\/uploads\/2025\/09\/Service-2025-09-04-portfolio-1024x472.png 1024w, https:\/\/lacom-coating.de\/wp-content\/uploads\/2025\/09\/Service-2025-09-04-portfolio-768x354.png 768w, https:\/\/lacom-coating.de\/wp-content\/uploads\/2025\/09\/Service-2025-09-04-portfolio-1536x708.png 1536w, https:\/\/lacom-coating.de\/wp-content\/uploads\/2025\/09\/Service-2025-09-04-portfolio-2048x944.png 2048w, https:\/\/lacom-coating.de\/wp-content\/uploads\/2025\/09\/Service-2025-09-04-portfolio-18x8.png 18w\" sizes=\"auto, (max-width: 2555px) 100vw, 2555px\" \/><\/a><\/p>\n<p>&nbsp;<\/p>\n<div class=\"container\">\n<div id=\"c639\" class=\"frame frame-default frame-type-text frame-layout-0\">\n<header>\n<h2 class=\"\"><span style=\"color: #999999;\">Optimally accessible \u2013 quickly on site<\/span><\/h2>\n<\/header>\n<p><span style=\"color: #999999;\">Whether it's a preventive routine check via remote maintenance, an intensive regular inspection or a stubborn malfunction at the weekend: Aumann finds solutions \u2013 and life goes on! Demanding customers around the globe rely on our comprehensive services, which cover the entire spectrum from operator training to sustainable reuse concepts.<\/span><\/p>\n<p>&nbsp;<\/p>\n<\/div>\n<\/div>\n<div class=\"container\">\n<div id=\"c725\" class=\"frame frame-default frame-type-div frame-layout-0\">\n<hr class=\"ce-div\" \/>\n<\/div>\n<\/div>\n<p>&nbsp;<\/p>\n<p><span style=\"color: #999999;\">Support that has a positive impact in terms of time, costs, sustainability, and efficiency.<\/span><br \/>\n<span style=\"color: #999999;\">Give us a call. Tel: +49 (0)7363 951-0<\/span><\/p>","protected":false},"excerpt":{"rendered":"<p>Service, der die Produktion absichert. Die Sicherheit Ihrer Produktionsverf\u00fcgbarkeit steht f\u00fcr Aumann an erster Stelle. Unser erfahrenes Service-Team ist weltweit f\u00fcr Sie da \u2013 rund um die Uhr! Erfahren sie mehr -&gt; &nbsp; Optimal erreichbar \u2013 schnell vor Ort Ganz gleich ob ein pr\u00e4ventiver Routine-Check via Fernwartung, eine intensive Regelinspektion oder eine hartn\u00e4ckige St\u00f6rung am Wochenende: Aumann schafft L\u00f6sungen \u2013<\/p>","protected":false},"author":1,"featured_media":0,"parent":0,"menu_order":0,"comment_status":"closed","ping_status":"closed","template":"","meta":{"footnotes":""},"tags":[],"class_list":["post-2709","page","type-page","status-publish","hentry"],"_links":{"self":[{"href":"https:\/\/lacom-coating.de\/en\/wp-json\/wp\/v2\/pages\/2709","targetHints":{"allow":["GET"]}}],"collection":[{"href":"https:\/\/lacom-coating.de\/en\/wp-json\/wp\/v2\/pages"}],"about":[{"href":"https:\/\/lacom-coating.de\/en\/wp-json\/wp\/v2\/types\/page"}],"author":[{"embeddable":true,"href":"https:\/\/lacom-coating.de\/en\/wp-json\/wp\/v2\/users\/1"}],"replies":[{"embeddable":true,"href":"https:\/\/lacom-coating.de\/en\/wp-json\/wp\/v2\/comments?post=2709"}],"version-history":[{"count":9,"href":"https:\/\/lacom-coating.de\/en\/wp-json\/wp\/v2\/pages\/2709\/revisions"}],"predecessor-version":[{"id":2721,"href":"https:\/\/lacom-coating.de\/en\/wp-json\/wp\/v2\/pages\/2709\/revisions\/2721"}],"wp:attachment":[{"href":"https:\/\/lacom-coating.de\/en\/wp-json\/wp\/v2\/media?parent=2709"}],"wp:term":[{"taxonomy":"post_tag","embeddable":true,"href":"https:\/\/lacom-coating.de\/en\/wp-json\/wp\/v2\/tags?post=2709"}],"curies":[{"name":"wp","href":"https:\/\/api.w.org\/{rel}","templated":true}]}}