{"id":2663,"date":"2025-07-17T05:49:35","date_gmt":"2025-07-17T05:49:35","guid":{"rendered":"https:\/\/lacom-coating.de\/?page_id=2663"},"modified":"2025-07-24T12:38:22","modified_gmt":"2025-07-24T12:38:22","slug":"technical-center","status":"publish","type":"page","link":"https:\/\/lacom-coating.de\/en\/technical-center\/","title":{"rendered":"Technical center"},"content":{"rendered":"<h2><span style=\"color: #808080;\"><b>Laboratory and pilot plants \u2013 your gateway to innovative products<\/b><\/span><\/h2>\n<p><span style=\"color: #808080;\">Aumann's highly flexible laboratory systems are the ideal solution for coating in medicine, renewable energies and other applications. They accelerate and optimise your product development or validate materials.<\/span><\/p>\n<p><img loading=\"lazy\" decoding=\"async\" class=\"aligncenter wp-image-2704 size-full\" src=\"https:\/\/lacom-coating.de\/wp-content\/uploads\/2025\/07\/ALAU-BL-Technikumsanlage-6005636A.204-1.png\" alt=\"\" width=\"2497\" height=\"1434\" srcset=\"https:\/\/lacom-coating.de\/wp-content\/uploads\/2025\/07\/ALAU-BL-Technikumsanlage-6005636A.204-1.png 2497w, https:\/\/lacom-coating.de\/wp-content\/uploads\/2025\/07\/ALAU-BL-Technikumsanlage-6005636A.204-1-300x172.png 300w, https:\/\/lacom-coating.de\/wp-content\/uploads\/2025\/07\/ALAU-BL-Technikumsanlage-6005636A.204-1-1024x588.png 1024w, https:\/\/lacom-coating.de\/wp-content\/uploads\/2025\/07\/ALAU-BL-Technikumsanlage-6005636A.204-1-768x441.png 768w, https:\/\/lacom-coating.de\/wp-content\/uploads\/2025\/07\/ALAU-BL-Technikumsanlage-6005636A.204-1-1536x882.png 1536w, https:\/\/lacom-coating.de\/wp-content\/uploads\/2025\/07\/ALAU-BL-Technikumsanlage-6005636A.204-1-2048x1176.png 2048w\" sizes=\"auto, (max-width: 2497px) 100vw, 2497px\" \/><\/p>\n<p><img loading=\"lazy\" decoding=\"async\" class=\"aligncenter size-large wp-image-2698\" src=\"https:\/\/lacom-coating.de\/wp-content\/uploads\/2025\/07\/ALAU-BL-Technikumsanlage-6005636A.204.png\" alt=\"\" width=\"1\" height=\"1\" \/><\/p>\n<p><span style=\"color: #808080;\"><b>Our core competencies:<\/b><\/span><\/p>\n<ul>\n<li><span style=\"color: #808080;\">A wide range of coating techniques: slot nozzles, commabar and gravure rollers for maximum flexibility and precision.<\/span><\/li>\n<li><span style=\"color: #808080;\">Efficient drying: Microwave and IR modules combined with air increase efficiency and reduce energy costs.<\/span><\/li>\n<li><span style=\"color: #808080;\">Integrated laminating systems: Seamless process design for medical applications or protective films.<\/span><\/li>\n<\/ul>\n<p><span style=\"color: #808080;\"><b>Your advantages:<\/b><\/span><\/p>\n<ul>\n<li><span style=\"color: #808080;\">Maximum flexibility for materials and applications.<\/span><\/li>\n<li><span style=\"color: #808080;\">Innovative drying technologies.<\/span><\/li>\n<li><span style=\"color: #808080;\">Process optimisation and rapid scaling.<\/span><\/li>\n<li><span style=\"color: #808080;\">Versatile use in medicine, renewable energies and much more.<\/span><\/li>\n<\/ul>\n<p>&nbsp;<\/p>\n<hr \/>\n<p>&nbsp;<\/p>\n<h2><span style=\"color: #808080;\"><b>Advanced coating systems for textile laminates<\/b><\/span><\/h2>\n<p><span style=\"color: #808080;\">Aumann is your partner for forward-looking textile solutions. Our technical centre is specially designed for the textile industry and enables the production of heat-resistant, machine-washable laminates using reactive polyurethanes.<\/span><\/p>\n<p><img loading=\"lazy\" decoding=\"async\" class=\"aligncenter wp-image-2665 size-full\" src=\"https:\/\/lacom-coating.de\/wp-content\/uploads\/2025\/07\/ALAU-CL-Technikumsanlage-EVO-1000-10137314C-e1752731407677.png\" alt=\"\" width=\"1500\" height=\"1036\" srcset=\"https:\/\/lacom-coating.de\/wp-content\/uploads\/2025\/07\/ALAU-CL-Technikumsanlage-EVO-1000-10137314C-e1752731407677.png 1500w, https:\/\/lacom-coating.de\/wp-content\/uploads\/2025\/07\/ALAU-CL-Technikumsanlage-EVO-1000-10137314C-e1752731407677-300x207.png 300w, https:\/\/lacom-coating.de\/wp-content\/uploads\/2025\/07\/ALAU-CL-Technikumsanlage-EVO-1000-10137314C-e1752731407677-768x530.png 768w, https:\/\/lacom-coating.de\/wp-content\/uploads\/2025\/07\/ALAU-CL-Technikumsanlage-EVO-1000-10137314C-e1752731407677-1024x707.png 1024w\" sizes=\"auto, (max-width: 1500px) 100vw, 1500px\" \/><\/p>\n<p><span style=\"color: #808080;\"><b>Our core competencies:<\/b><\/span><\/p>\n<ul>\n<li><span style=\"color: #808080;\">Efficient and environmentally friendly production: Focus on environmentally friendly hot melt technology.<\/span><\/li>\n<li><span style=\"color: #808080;\">Perfected thermoplastic application: manufacture of almost all textile products using multi-roller systems.<\/span><\/li>\n<li><span style=\"color: #808080;\">Compact version: Ideal for the textile industry (up to 2,400 mm working width, compact design) \u2013 maximum performance in minimum space.<\/span><\/li>\n<li><span style=\"color: #808080;\">Adaptability: Meeting specific laminate requirements through flexible plant technology.<\/span><\/li>\n<\/ul>\n<p>&nbsp;<\/p>\n<p><img loading=\"lazy\" decoding=\"async\" class=\"aligncenter wp-image-2677 size-full\" src=\"https:\/\/lacom-coating.de\/wp-content\/uploads\/2025\/07\/Technikum-Collage.png\" alt=\"\" width=\"1400\" height=\"525\" srcset=\"https:\/\/lacom-coating.de\/wp-content\/uploads\/2025\/07\/Technikum-Collage.png 1400w, https:\/\/lacom-coating.de\/wp-content\/uploads\/2025\/07\/Technikum-Collage-300x113.png 300w, https:\/\/lacom-coating.de\/wp-content\/uploads\/2025\/07\/Technikum-Collage-1024x384.png 1024w, https:\/\/lacom-coating.de\/wp-content\/uploads\/2025\/07\/Technikum-Collage-768x288.png 768w\" sizes=\"auto, (max-width: 1400px) 100vw, 1400px\" \/><span style=\"color: #808080;\">Trust Aumann for innovative, environmentally friendly and efficient coating systems for textile laminates.<\/span><\/p>\n<p>&nbsp;<\/p>\n<hr \/>\n<p>&nbsp;<\/p>\n<p><img loading=\"lazy\" decoding=\"async\" class=\"wp-image-2642 size-thumbnail alignleft\" src=\"https:\/\/lacom-coating.de\/wp-content\/uploads\/2025\/07\/ALAU_Button_Anwendungen-150x150.png\" alt=\"\" width=\"150\" height=\"150\" srcset=\"https:\/\/lacom-coating.de\/wp-content\/uploads\/2025\/07\/ALAU_Button_Anwendungen-150x150.png 150w, https:\/\/lacom-coating.de\/wp-content\/uploads\/2025\/07\/ALAU_Button_Anwendungen-300x300.png 300w, https:\/\/lacom-coating.de\/wp-content\/uploads\/2025\/07\/ALAU_Button_Anwendungen-90x90.png 90w, https:\/\/lacom-coating.de\/wp-content\/uploads\/2025\/07\/ALAU_Button_Anwendungen-75x75.png 75w, https:\/\/lacom-coating.de\/wp-content\/uploads\/2025\/07\/ALAU_Button_Anwendungen.png 640w\" sizes=\"auto, (max-width: 150px) 100vw, 150px\" \/><\/p>\n<p>&nbsp;<\/p>\n<p><span style=\"color: #808080;\"><b>Aumann as your competent partner:<\/b><\/span><\/p>\n<ul>\n<li><span style=\"color: #808080;\">Customized solutions<\/span><\/li>\n<li><span style=\"color: #808080;\">Efficiency &amp; Precision<\/span><\/li>\n<li><span style=\"color: #808080;\">Durability &amp; value retention<\/span><\/li>\n<\/ul>\n<p>&nbsp;<\/p>\n<p><span style=\"color: #808080;\">Support that has a positive impact in terms of time, costs, sustainability, and efficiency.<br \/>\n<\/span><span style=\"color: #808080;\">Give us a call. Tel: +49 (0)7363 951-0<\/span><\/p>","protected":false},"excerpt":{"rendered":"<p>Labor- &amp; Pilotanlagen \u2013 Ihr Wegbereiter f\u00fcr innovative Produkte Aumanns hochflexible Laborsysteme sind die ideale L\u00f6sung f\u00fcr die Beschichtung in Medizin, erneuerbaren Energien und weiteren Anwendungen. Sie beschleunigen und optimieren Ihre Produktentwicklung oder validieren Materialien. Unsere Kernkompetenzen: Vielf\u00e4ltige Beschichtungstechniken: Schlitzd\u00fcsen, Kommabar und Tiefdruckwalzen f\u00fcr h\u00f6chste Flexibilit\u00e4t und Pr\u00e4zision. Effiziente Trocknung: Mikrowellen- und IR-Module in Verbindung mit Luft steigern den Wirkungsgrad,<\/p>","protected":false},"author":1,"featured_media":0,"parent":0,"menu_order":0,"comment_status":"closed","ping_status":"closed","template":"","meta":{"footnotes":""},"tags":[],"class_list":["post-2663","page","type-page","status-publish","hentry"],"_links":{"self":[{"href":"https:\/\/lacom-coating.de\/en\/wp-json\/wp\/v2\/pages\/2663","targetHints":{"allow":["GET"]}}],"collection":[{"href":"https:\/\/lacom-coating.de\/en\/wp-json\/wp\/v2\/pages"}],"about":[{"href":"https:\/\/lacom-coating.de\/en\/wp-json\/wp\/v2\/types\/page"}],"author":[{"embeddable":true,"href":"https:\/\/lacom-coating.de\/en\/wp-json\/wp\/v2\/users\/1"}],"replies":[{"embeddable":true,"href":"https:\/\/lacom-coating.de\/en\/wp-json\/wp\/v2\/comments?post=2663"}],"version-history":[{"count":19,"href":"https:\/\/lacom-coating.de\/en\/wp-json\/wp\/v2\/pages\/2663\/revisions"}],"predecessor-version":[{"id":2773,"href":"https:\/\/lacom-coating.de\/en\/wp-json\/wp\/v2\/pages\/2663\/revisions\/2773"}],"wp:attachment":[{"href":"https:\/\/lacom-coating.de\/en\/wp-json\/wp\/v2\/media?parent=2663"}],"wp:term":[{"taxonomy":"post_tag","embeddable":true,"href":"https:\/\/lacom-coating.de\/en\/wp-json\/wp\/v2\/tags?post=2663"}],"curies":[{"name":"wp","href":"https:\/\/api.w.org\/{rel}","templated":true}]}}