{"id":2603,"date":"2025-07-16T08:22:18","date_gmt":"2025-07-16T08:22:18","guid":{"rendered":"https:\/\/lacom-coating.de\/?page_id=2603"},"modified":"2025-07-24T12:48:21","modified_gmt":"2025-07-24T12:48:21","slug":"coating-anode-cathode","status":"publish","type":"page","link":"https:\/\/lacom-coating.de\/en\/coating-anode-cathode\/","title":{"rendered":"Decal Desk Converter"},"content":{"rendered":"<p><span style=\"color: #808080;\"><b>Highly elastic, mobile laboratory system for calendering and coating applications<\/b><\/span><\/p>\n<p><span style=\"color: #808080;\">Your flexible partner for innovative research and development in medical technology, renewable energies, and beyond. This system offers maximum flexibility for lamination and coating processes.<\/span><\/p>\n<p><img loading=\"lazy\" decoding=\"async\" class=\"aligncenter wp-image-2612\" src=\"https:\/\/lacom-coating.de\/wp-content\/uploads\/2025\/07\/ALAU-BL-DECAL-Transfer-Tischkalander-BASF-DTT\u00a700-500015.web_.png\" alt=\"\" width=\"1000\" height=\"877\" \/><\/p>\n<p><span style=\"color: #808080;\"><b>Our core competencies:<\/b><\/span><\/p>\n<ul>\n<li><span style=\"color: #808080;\">Optimized IR heating processes: Increases material adaptability and precision, even with sensitive substrates.<\/span><\/li>\n<li><span style=\"color: #808080;\">Precise temperature control: Electrically heated calender rolls ensure precise temperature control and maximum process control.<\/span><\/li>\n<li><span style=\"color: #808080;\">Fully self-sufficient &amp; mobile: Compact unit requires only a power connection, ideal <span style=\"color: #999999;\">f\u00fcr flexible F&amp;E in verschiedenen Umgebungen.<\/span><\/span><\/li>\n<\/ul>\n<p>&nbsp;<\/p>\n<p><span style=\"color: #999999;\">Trust Aumann for innovative, precise and efficient solutions in lithium battery production.<\/span><\/p>\n<p>&nbsp;<\/p>\n<hr \/>\n<p>&nbsp;<\/p>\n<p><span style=\"color: #999999;\"><b><img loading=\"lazy\" decoding=\"async\" class=\"alignleft wp-image-2643\" src=\"https:\/\/lacom-coating.de\/wp-content\/uploads\/2025\/07\/ALAU_Button_emobiltiy-1.png\" alt=\"\" width=\"164\" height=\"164\" \/><\/b><\/span><\/p>\n<p>&nbsp;<\/p>\n<p><span style=\"color: #999999;\"><b>Aumann as your competent partner:<\/b><\/span><\/p>\n<ul>\n<li><span style=\"color: #999999;\">Customized solutions<\/span><\/li>\n<li><span style=\"color: #999999;\">Efficiency &amp; Precision<\/span><\/li>\n<li><span style=\"color: #999999;\">Durability &amp; value retention<\/span><\/li>\n<\/ul>\n<p>&nbsp;<\/p>\n<p>&nbsp;<\/p>\n<p><span style=\"color: #999999;\">Support that has a positive impact in terms of time, costs, sustainability, and efficiency.<\/span><br \/>\n<span style=\"color: #999999;\">Give us a call. Tel: +49 (0)7363 951-0<\/span><\/p>\n<p>&nbsp;<\/p>","protected":false},"excerpt":{"rendered":"<p>Hochelastisches, mobiles Laborsystem f\u00fcr Kalander- &amp; Beschichtungsanwendungen Ihr flexibler Partner f\u00fcr innovative Forschung und Entwicklung in Medizintechnik, erneuerbaren Energien und dar\u00fcber hinaus. Dieses System bietet h\u00f6chste Flexibilit\u00e4t f\u00fcr Laminier- und Beschichtungsprozesse. Unsere Kernkompetenzen: Optimierte IR-Heizprozesse: Erh\u00f6ht Materialanpassungsf\u00e4higkeit und Pr\u00e4zision, selbst bei sensiblen Substraten. Pr\u00e4zise Temperaturkontrolle: Elektrisch beheizte Kalanderwalzen sichern exakte Temperaturf\u00fchrung und maximale Prozesskontrolle. Voll autark &amp; mobil: Kompakte Einheit<\/p>","protected":false},"author":1,"featured_media":0,"parent":0,"menu_order":0,"comment_status":"closed","ping_status":"closed","template":"","meta":{"footnotes":""},"tags":[],"class_list":["post-2603","page","type-page","status-publish","hentry"],"_links":{"self":[{"href":"https:\/\/lacom-coating.de\/en\/wp-json\/wp\/v2\/pages\/2603","targetHints":{"allow":["GET"]}}],"collection":[{"href":"https:\/\/lacom-coating.de\/en\/wp-json\/wp\/v2\/pages"}],"about":[{"href":"https:\/\/lacom-coating.de\/en\/wp-json\/wp\/v2\/types\/page"}],"author":[{"embeddable":true,"href":"https:\/\/lacom-coating.de\/en\/wp-json\/wp\/v2\/users\/1"}],"replies":[{"embeddable":true,"href":"https:\/\/lacom-coating.de\/en\/wp-json\/wp\/v2\/comments?post=2603"}],"version-history":[{"count":10,"href":"https:\/\/lacom-coating.de\/en\/wp-json\/wp\/v2\/pages\/2603\/revisions"}],"predecessor-version":[{"id":2788,"href":"https:\/\/lacom-coating.de\/en\/wp-json\/wp\/v2\/pages\/2603\/revisions\/2788"}],"wp:attachment":[{"href":"https:\/\/lacom-coating.de\/en\/wp-json\/wp\/v2\/media?parent=2603"}],"wp:term":[{"taxonomy":"post_tag","embeddable":true,"href":"https:\/\/lacom-coating.de\/en\/wp-json\/wp\/v2\/tags?post=2603"}],"curies":[{"name":"wp","href":"https:\/\/api.w.org\/{rel}","templated":true}]}}