{"id":2598,"date":"2025-07-16T08:13:58","date_gmt":"2025-07-16T08:13:58","guid":{"rendered":"https:\/\/lacom-coating.de\/?page_id=2598"},"modified":"2025-07-24T12:49:16","modified_gmt":"2025-07-24T12:49:16","slug":"mobile-coating-line","status":"publish","type":"page","link":"https:\/\/lacom-coating.de\/en\/mobile-coating-line\/","title":{"rendered":"Mobile coating line"},"content":{"rendered":"<p><span style=\"color: #999999;\"><b>Flexible laboratory and pilot plants for the future of coating<\/b><\/span><\/p>\n<p><span style=\"color: #999999;\">Our highly flexible, mobile laboratory systems are ideal for precisely simulating and developing coating and laminating applications, especially for renewable energies.<\/span><\/p>\n<p><span style=\"color: #999999;\"><img loading=\"lazy\" decoding=\"async\" class=\"aligncenter wp-image-2599\" src=\"https:\/\/lacom-coating.de\/wp-content\/uploads\/2025\/07\/ALAU-BL-Beschichtungsanlage-Coating-Plant-BASF.web_.png\" alt=\"\" width=\"1000\" height=\"810\" \/><\/span><\/p>\n<p><span style=\"color: #999999;\"><b>Our core competencies:<\/b><\/span><\/p>\n<ul>\n<li><span style=\"color: #999999;\">Precise process simulation: substrate width 300 mm with slot nozzle, 1 m convection dryer (2 zones).<\/span><\/li>\n<li><span style=\"color: #999999;\">Flexible adaptation: Individually adaptable with various winders\/unwinders and material feeds (e.g. protective films).<\/span><\/li>\n<li><span style=\"color: #999999;\">Self-sufficient &amp; mobile: Compact control unit in the main housing, only one power connection required.<\/span><\/li>\n<\/ul>\n<p>&nbsp;<\/p>\n<p><span style=\"color: #999999;\"><strong>Machine components<\/strong><\/span><\/p>\n<p><span style=\"color: #999999;\">Unwinding, slot die coating, unwinding laminate (optional), laminating device, 1 m dryer, unwinding protective film (optional), rewinding.<\/span><\/p>\n<p><span style=\"color: #999999;\">Trust Aumann for innovative, precise and efficient solutions in lithium battery production.<\/span><\/p>\n<p>&nbsp;<\/p>\n<hr \/>\n<p>&nbsp;<\/p>\n<p><span style=\"color: #999999;\"><b><img loading=\"lazy\" decoding=\"async\" class=\"alignleft wp-image-2643\" src=\"https:\/\/lacom-coating.de\/wp-content\/uploads\/2025\/07\/ALAU_Button_emobiltiy-1.png\" alt=\"\" width=\"164\" height=\"164\" \/><\/b><\/span><\/p>\n<p><span style=\"color: #999999;\"><img loading=\"lazy\" decoding=\"async\" class=\"alignleft wp-image-2723\" src=\"https:\/\/lacom-coating.de\/wp-content\/uploads\/2025\/07\/ALAU_Button_Blue-Line-1-150x150.png\" alt=\"\" width=\"164\" height=\"164\" srcset=\"https:\/\/lacom-coating.de\/wp-content\/uploads\/2025\/07\/ALAU_Button_Blue-Line-1-150x150.png 150w, https:\/\/lacom-coating.de\/wp-content\/uploads\/2025\/07\/ALAU_Button_Blue-Line-1-300x300.png 300w, https:\/\/lacom-coating.de\/wp-content\/uploads\/2025\/07\/ALAU_Button_Blue-Line-1-90x90.png 90w, https:\/\/lacom-coating.de\/wp-content\/uploads\/2025\/07\/ALAU_Button_Blue-Line-1-75x75.png 75w, https:\/\/lacom-coating.de\/wp-content\/uploads\/2025\/07\/ALAU_Button_Blue-Line-1.png 640w\" sizes=\"auto, (max-width: 164px) 100vw, 164px\" \/><\/span><\/p>\n<p>&nbsp;<\/p>\n<p><span style=\"color: #999999;\"><b>Aumann as your competent partner:<\/b><\/span><\/p>\n<ul>\n<li><span style=\"color: #999999;\">Customized solutions<\/span><\/li>\n<li><span style=\"color: #999999;\">Efficiency &amp; Precision<\/span><\/li>\n<li><span style=\"color: #999999;\">Durability &amp; value retention<\/span><\/li>\n<\/ul>\n<p>&nbsp;<\/p>\n<p>&nbsp;<\/p>\n<p><span style=\"color: #999999;\">Support that has a positive impact in terms of time, costs, sustainability, and efficiency.<\/span><br \/>\n<span style=\"color: #999999;\">Give us a call. Tel: +49 (0)7363 951-0<\/span><\/p>","protected":false},"excerpt":{"rendered":"<p>Flexible Labor- &amp; Pilotanlagen f\u00fcr die Zukunft der Beschichtung Unsere hochflexiblen, mobilen Laborsysteme sind ideal, um Beschichtungs- und Laminieranwendungen pr\u00e4zise zu simulieren und zu entwickeln, besonders f\u00fcr erneuerbare Energien. Unsere Kernkompetenzen: Pr\u00e4zise Prozesssimulation: Substratbreite 300 mm mit Schlitzd\u00fcse, 1 m Konvektionstrockner (2 Zonen). Flexible Anpassung: Individuell anpassbar mit verschiedenen Auf-\/Abwicklern und Materialzuf\u00fchrungen (z.B. Schutzfolien). Autark &amp; Mobil: Kompakte Steuereinheit im<\/p>","protected":false},"author":1,"featured_media":0,"parent":0,"menu_order":0,"comment_status":"closed","ping_status":"closed","template":"","meta":{"footnotes":""},"tags":[],"class_list":["post-2598","page","type-page","status-publish","hentry"],"_links":{"self":[{"href":"https:\/\/lacom-coating.de\/en\/wp-json\/wp\/v2\/pages\/2598","targetHints":{"allow":["GET"]}}],"collection":[{"href":"https:\/\/lacom-coating.de\/en\/wp-json\/wp\/v2\/pages"}],"about":[{"href":"https:\/\/lacom-coating.de\/en\/wp-json\/wp\/v2\/types\/page"}],"author":[{"embeddable":true,"href":"https:\/\/lacom-coating.de\/en\/wp-json\/wp\/v2\/users\/1"}],"replies":[{"embeddable":true,"href":"https:\/\/lacom-coating.de\/en\/wp-json\/wp\/v2\/comments?post=2598"}],"version-history":[{"count":9,"href":"https:\/\/lacom-coating.de\/en\/wp-json\/wp\/v2\/pages\/2598\/revisions"}],"predecessor-version":[{"id":2790,"href":"https:\/\/lacom-coating.de\/en\/wp-json\/wp\/v2\/pages\/2598\/revisions\/2790"}],"wp:attachment":[{"href":"https:\/\/lacom-coating.de\/en\/wp-json\/wp\/v2\/media?parent=2598"}],"wp:term":[{"taxonomy":"post_tag","embeddable":true,"href":"https:\/\/lacom-coating.de\/en\/wp-json\/wp\/v2\/tags?post=2598"}],"curies":[{"name":"wp","href":"https:\/\/api.w.org\/{rel}","templated":true}]}}