{"id":2591,"date":"2025-07-16T08:05:33","date_gmt":"2025-07-16T08:05:33","guid":{"rendered":"https:\/\/lacom-coating.de\/?page_id=2591"},"modified":"2025-07-16T08:06:39","modified_gmt":"2025-07-16T08:06:39","slug":"vertical-converter","status":"publish","type":"page","link":"https:\/\/lacom-coating.de\/en\/vertical-converter\/","title":{"rendered":"Vertical Converter"},"content":{"rendered":"<p><span style=\"color: #808080;\"><b>AUMANN: Hocheffizientes Laborsystem f\u00fcr beidseitige Beschichtungsanwendungen<\/b><\/span><\/p>\n<p><span style=\"color: #808080;\">Maximum efficiency and flexibility for your product development in medical technology, renewable energies and beyond. Our advanced laboratory system enables parallel double-sided coating using two independently operating wide slot nozzles.<\/span><\/p>\n<p><img loading=\"lazy\" decoding=\"async\" class=\"wp-image-2595 aligncenter\" src=\"https:\/\/lacom-coating.de\/wp-content\/uploads\/2025\/07\/ALAU-BL-Beschichtungsanlage-Vertical-Coater-ZSW-10364166.web_-3.png\" alt=\"\" width=\"1000\" height=\"880\" srcset=\"https:\/\/lacom-coating.de\/wp-content\/uploads\/2025\/07\/ALAU-BL-Beschichtungsanlage-Vertical-Coater-ZSW-10364166.web_-3.png 1460w, https:\/\/lacom-coating.de\/wp-content\/uploads\/2025\/07\/ALAU-BL-Beschichtungsanlage-Vertical-Coater-ZSW-10364166.web_-3-300x264.png 300w, https:\/\/lacom-coating.de\/wp-content\/uploads\/2025\/07\/ALAU-BL-Beschichtungsanlage-Vertical-Coater-ZSW-10364166.web_-3-1024x901.png 1024w, https:\/\/lacom-coating.de\/wp-content\/uploads\/2025\/07\/ALAU-BL-Beschichtungsanlage-Vertical-Coater-ZSW-10364166.web_-3-768x676.png 768w\" sizes=\"auto, (max-width: 1000px) 100vw, 1000px\" \/><\/p>\n<p><span style=\"color: #808080;\"><b>Our core competencies:<\/b><\/span><\/p>\n<ul>\n<li><span style=\"color: #808080;\">Vertical double-sided coating &amp; drying: Space-saving arrangement enables compact integration and easy expansion of dryer capacity.<\/span><\/li>\n<li><span style=\"color: #808080;\">Optimierter Prozessablauf: Nahtloser Prozess von Abwickeln \u00fcber beidseitige Beschichtung und vertikale Trocknung bis zu Transport und Aufwickeln.<\/span><\/li>\n<\/ul>\n<p><span style=\"color: #808080;\">Trust Aumann for innovative and highly efficient laboratory systems that accelerate your development goals.<\/span><\/p>\n<p><span style=\"color: #808080;\"><b>Aumann as your competent partner:<\/b><\/span><\/p>\n<ul>\n<li><span style=\"color: #808080;\">Customized solutions<\/span><\/li>\n<li><span style=\"color: #808080;\">Efficiency &amp; Precision<\/span><\/li>\n<li><span style=\"color: #808080;\">Durability &amp; value retention<\/span><\/li>\n<\/ul>\n<p><span style=\"color: #808080;\">Support that has a positive impact in terms of time, costs, sustainability, and efficiency.<\/span><\/p>\n<p><span style=\"color: #808080;\">Give us a call. Tel: +49 (0)7363 951-0<\/span><\/p>","protected":false},"excerpt":{"rendered":"<p>AUMANN: Hocheffizientes Laborsystem f\u00fcr beidseitige Beschichtungsanwendungen Maximale Effizienz und Flexibilit\u00e4t f\u00fcr Ihre Produktentwicklung in Medizintechnik, erneuerbaren Energien und dar\u00fcber hinaus. Unser fortschrittliches Laborsystem erm\u00f6glicht parallele beidseitige Beschichtung durch zwei unabh\u00e4ngig arbeitende Breit-Schlitzd\u00fcsen. Unsere Kernkompetenzen: Vertikale Beidseitige Beschichtung &amp; Trocknung: Platzsparende Anordnung erm\u00f6glicht kompakte Integration und einfache Erweiterung der Trocknerkapazit\u00e4t. Optimierter Prozessablauf: Nahtloser Prozess von Abwickeln \u00fcber beidseitige Beschichtung und vertikale<\/p>","protected":false},"author":1,"featured_media":0,"parent":0,"menu_order":0,"comment_status":"closed","ping_status":"closed","template":"","meta":{"footnotes":""},"tags":[],"class_list":["post-2591","page","type-page","status-publish","hentry"],"_links":{"self":[{"href":"https:\/\/lacom-coating.de\/en\/wp-json\/wp\/v2\/pages\/2591","targetHints":{"allow":["GET"]}}],"collection":[{"href":"https:\/\/lacom-coating.de\/en\/wp-json\/wp\/v2\/pages"}],"about":[{"href":"https:\/\/lacom-coating.de\/en\/wp-json\/wp\/v2\/types\/page"}],"author":[{"embeddable":true,"href":"https:\/\/lacom-coating.de\/en\/wp-json\/wp\/v2\/users\/1"}],"replies":[{"embeddable":true,"href":"https:\/\/lacom-coating.de\/en\/wp-json\/wp\/v2\/comments?post=2591"}],"version-history":[{"count":2,"href":"https:\/\/lacom-coating.de\/en\/wp-json\/wp\/v2\/pages\/2591\/revisions"}],"predecessor-version":[{"id":2597,"href":"https:\/\/lacom-coating.de\/en\/wp-json\/wp\/v2\/pages\/2591\/revisions\/2597"}],"wp:attachment":[{"href":"https:\/\/lacom-coating.de\/en\/wp-json\/wp\/v2\/media?parent=2591"}],"wp:term":[{"taxonomy":"post_tag","embeddable":true,"href":"https:\/\/lacom-coating.de\/en\/wp-json\/wp\/v2\/tags?post=2591"}],"curies":[{"name":"wp","href":"https:\/\/api.w.org\/{rel}","templated":true}]}}