{"id":2550,"date":"2025-07-16T06:05:33","date_gmt":"2025-07-16T06:05:33","guid":{"rendered":"https:\/\/lacom-coating.de\/?page_id=2550"},"modified":"2025-07-24T12:35:31","modified_gmt":"2025-07-24T12:35:31","slug":"medical","status":"publish","type":"page","link":"https:\/\/lacom-coating.de\/en\/medical\/","title":{"rendered":"Medical"},"content":{"rendered":"<p style=\"text-align: left;\"><span style=\"color: #808080;\"><b>GMP-compliant coating systems for pharmaceutical products<\/b><\/span><\/p>\n<p style=\"text-align: left;\"><span style=\"color: #808080;\">Aumann offers reliable coating systems that cover all scales \u2013 from development to large-scale production. <\/span><br \/>\n<span style=\"color: #808080;\">Our proven technology meets the highest GMP requirements.<\/span><\/p>\n<p style=\"text-align: left;\"><img loading=\"lazy\" decoding=\"async\" class=\"aligncenter size-full wp-image-2552\" src=\"https:\/\/lacom-coating.de\/wp-content\/uploads\/2025\/07\/ALAU-BL-Coating-Battery-Electrode-ZSW-6006069.web_.png\" alt=\"\" width=\"1400\" height=\"669\" srcset=\"https:\/\/lacom-coating.de\/wp-content\/uploads\/2025\/07\/ALAU-BL-Coating-Battery-Electrode-ZSW-6006069.web_.png 1400w, https:\/\/lacom-coating.de\/wp-content\/uploads\/2025\/07\/ALAU-BL-Coating-Battery-Electrode-ZSW-6006069.web_-300x143.png 300w, https:\/\/lacom-coating.de\/wp-content\/uploads\/2025\/07\/ALAU-BL-Coating-Battery-Electrode-ZSW-6006069.web_-1024x489.png 1024w, https:\/\/lacom-coating.de\/wp-content\/uploads\/2025\/07\/ALAU-BL-Coating-Battery-Electrode-ZSW-6006069.web_-768x367.png 768w\" sizes=\"auto, (max-width: 1400px) 100vw, 1400px\" \/><\/p>\n<p style=\"text-align: left;\"><span style=\"color: #808080;\"><b>Our core competencies:<\/b><\/span><\/p>\n<ul style=\"text-align: left;\">\n<li><span style=\"color: #808080;\">Laboratory scale: Ideal for product development and process evaluation (180 mm roller width, up to 2.0 m\/min). Perfect for <\/span><br \/>\n<span style=\"color: #808080;\">TTS and ODF products.<\/span><\/li>\n<li><span style=\"color: #808080;\">Mid-range performance segment: Efficient and safe production for medical and healthcare products as well as OTC and prescription drugs (300\u20131000 mm working width).<\/span><\/li>\n<li><span style=\"color: #808080;\">Highest production output: Systems with web widths of up to 2,000 mm for maximum performance and changeover efficiency. <\/span><br \/>\n<span style=\"color: #808080;\">unter Einhaltung aller Vorschriften.<\/span><img loading=\"lazy\" decoding=\"async\" class=\"aligncenter size-full wp-image-2551\" src=\"https:\/\/lacom-coating.de\/wp-content\/uploads\/2025\/07\/ALAU-CL-Beschichtungsanlage-VP-Group-659465.web_.png\" alt=\"\" width=\"1400\" height=\"629\" srcset=\"https:\/\/lacom-coating.de\/wp-content\/uploads\/2025\/07\/ALAU-CL-Beschichtungsanlage-VP-Group-659465.web_.png 1400w, https:\/\/lacom-coating.de\/wp-content\/uploads\/2025\/07\/ALAU-CL-Beschichtungsanlage-VP-Group-659465.web_-300x135.png 300w, https:\/\/lacom-coating.de\/wp-content\/uploads\/2025\/07\/ALAU-CL-Beschichtungsanlage-VP-Group-659465.web_-1024x460.png 1024w, https:\/\/lacom-coating.de\/wp-content\/uploads\/2025\/07\/ALAU-CL-Beschichtungsanlage-VP-Group-659465.web_-768x345.png 768w\" sizes=\"auto, (max-width: 1400px) 100vw, 1400px\" \/><\/li>\n<\/ul>\n<p style=\"text-align: left;\"><span style=\"color: #808080;\"><b><img loading=\"lazy\" decoding=\"async\" class=\"alignleft wp-image-2641\" src=\"https:\/\/lacom-coating.de\/wp-content\/uploads\/2025\/07\/ALAU_Button_Medical.png\" alt=\"\" width=\"164\" height=\"164\" srcset=\"https:\/\/lacom-coating.de\/wp-content\/uploads\/2025\/07\/ALAU_Button_Medical.png 640w, https:\/\/lacom-coating.de\/wp-content\/uploads\/2025\/07\/ALAU_Button_Medical-300x300.png 300w, https:\/\/lacom-coating.de\/wp-content\/uploads\/2025\/07\/ALAU_Button_Medical-150x150.png 150w, https:\/\/lacom-coating.de\/wp-content\/uploads\/2025\/07\/ALAU_Button_Medical-90x90.png 90w, https:\/\/lacom-coating.de\/wp-content\/uploads\/2025\/07\/ALAU_Button_Medical-75x75.png 75w\" sizes=\"auto, (max-width: 164px) 100vw, 164px\" \/><\/b><\/span><\/p>\n<p>&nbsp;<\/p>\n<p style=\"text-align: left;\"><span style=\"color: #808080;\"><b>Aumann as your competent partner:<\/b><\/span><\/p>\n<ul style=\"text-align: left;\">\n<li><span style=\"color: #808080;\">GMP-Konformit\u00e4t<\/span><\/li>\n<li><span style=\"color: #808080;\">Customized solutions<\/span><\/li>\n<li><span style=\"color: #808080;\">Efficiency &amp; Precision<\/span><\/li>\n<li><span style=\"color: #808080;\">Durability &amp; value retention<\/span><\/li>\n<\/ul>\n<p>&nbsp;<\/p>\n<p style=\"text-align: left;\"><span style=\"color: #808080;\">Support that has a positive impact in terms of time, costs, sustainability, and efficiency.<br \/>\n<\/span><span style=\"color: #808080;\">Give us a call. Tel: +49 (0)7363 951-0<\/span><\/p>","protected":false},"excerpt":{"rendered":"<p>GMP-konforme Beschichtungsanlagen f\u00fcr pharmazeutische Produkte Aumann bietet zuverl\u00e4ssige Beschichtungsanlagen, die alle Ma\u00dfst\u00e4be abdecken \u2013 von der Entwicklung bis zur Gro\u00dfproduktion. Unsere bew\u00e4hrte Technologie erf\u00fcllt h\u00f6chste GMP-Anforderungen. Unsere Kernkompetenzen: Laborma\u00dfstab: Ideal f\u00fcr Produktentwicklung und Prozessbewertung (180 mm Walzenbreite, bis 2,0 m\/min). Perfekt f\u00fcr TTS- und ODF-Produkte. Mittleres Leistungssegment: Effiziente und sichere Produktion f\u00fcr Medizin- und Gesundheitsprodukte sowie OTC- und verschreibungspflichtige Medikamente<\/p>","protected":false},"author":1,"featured_media":0,"parent":0,"menu_order":0,"comment_status":"closed","ping_status":"closed","template":"","meta":{"footnotes":""},"tags":[],"class_list":["post-2550","page","type-page","status-publish","hentry"],"_links":{"self":[{"href":"https:\/\/lacom-coating.de\/en\/wp-json\/wp\/v2\/pages\/2550","targetHints":{"allow":["GET"]}}],"collection":[{"href":"https:\/\/lacom-coating.de\/en\/wp-json\/wp\/v2\/pages"}],"about":[{"href":"https:\/\/lacom-coating.de\/en\/wp-json\/wp\/v2\/types\/page"}],"author":[{"embeddable":true,"href":"https:\/\/lacom-coating.de\/en\/wp-json\/wp\/v2\/users\/1"}],"replies":[{"embeddable":true,"href":"https:\/\/lacom-coating.de\/en\/wp-json\/wp\/v2\/comments?post=2550"}],"version-history":[{"count":5,"href":"https:\/\/lacom-coating.de\/en\/wp-json\/wp\/v2\/pages\/2550\/revisions"}],"predecessor-version":[{"id":2769,"href":"https:\/\/lacom-coating.de\/en\/wp-json\/wp\/v2\/pages\/2550\/revisions\/2769"}],"wp:attachment":[{"href":"https:\/\/lacom-coating.de\/en\/wp-json\/wp\/v2\/media?parent=2550"}],"wp:term":[{"taxonomy":"post_tag","embeddable":true,"href":"https:\/\/lacom-coating.de\/en\/wp-json\/wp\/v2\/tags?post=2550"}],"curies":[{"name":"wp","href":"https:\/\/api.w.org\/{rel}","templated":true}]}}