{"id":2545,"date":"2025-07-16T06:00:51","date_gmt":"2025-07-16T06:00:51","guid":{"rendered":"https:\/\/lacom-coating.de\/?page_id=2545"},"modified":"2025-07-25T13:03:37","modified_gmt":"2025-07-25T13:03:37","slug":"decor","status":"publish","type":"page","link":"https:\/\/lacom-coating.de\/en\/decor\/","title":{"rendered":"Decor"},"content":{"rendered":"<p style=\"text-align: left;\"><span style=\"color: #808080;\"><b>High-tech production lines for decorative and automotive films<\/b><\/span><\/p>\n<p style=\"text-align: left;\"><span style=\"color: #808080;\">Aumann supplies tailor-made production lines for high-quality decorative and automotive films, from conception to commissioning. \nOur goal: maximum precision and efficiency.<\/span><\/p>\n<p style=\"text-align: left;\"><img loading=\"lazy\" decoding=\"async\" class=\"alignleft wp-image-2799 size-full\" src=\"https:\/\/lacom-coating.de\/wp-content\/uploads\/2025\/07\/ALAU-CL-Beschichtunganlage-DECOR-6006157A.png\" alt=\"\" width=\"1400\" height=\"848\" srcset=\"https:\/\/lacom-coating.de\/wp-content\/uploads\/2025\/07\/ALAU-CL-Beschichtunganlage-DECOR-6006157A.png 1400w, https:\/\/lacom-coating.de\/wp-content\/uploads\/2025\/07\/ALAU-CL-Beschichtunganlage-DECOR-6006157A-300x182.png 300w, https:\/\/lacom-coating.de\/wp-content\/uploads\/2025\/07\/ALAU-CL-Beschichtunganlage-DECOR-6006157A-1024x620.png 1024w, https:\/\/lacom-coating.de\/wp-content\/uploads\/2025\/07\/ALAU-CL-Beschichtunganlage-DECOR-6006157A-768x465.png 768w\" sizes=\"auto, (max-width: 1400px) 100vw, 1400px\" \/><\/p>\n<p style=\"text-align: left;\"><span style=\"color: #808080;\"><b>Our core competencies:<\/b><\/span><\/p>\n<ul style=\"text-align: left;\">\n<li><span style=\"color: #808080;\">Customised system concept: As a complete system supplier, we cover all phases of coating, painting, laminating, drying and winding, thus providing a tailor-made solution for your products.<\/span><\/li>\n<li><span style=\"color: #808080;\">Laminating and embossing: Aumann systems process decorative films (50\u2013600 \u03bcm) and automotive films (0.5\u20135 mm) at temperatures of up to 200\u00b0C. Features such as quick embossing roller changes and high embossing pressures (up to 25 tonnes) ensure the highest quality at speeds of up to 60 m\/min.<\/span><\/li>\n<li><span style=\"color: #808080;\">Coating \/ Printing and varnishing: Aumann systems guarantee precision and reproducibility for all types of film (e.g. furniture, automotive interiors). Flexible application units, trolley systems and efficient dryers enable high line speeds. Especially for 2D and 3D decorative films (high gloss\/super matt) with working widths up to 2,400 mm and speeds up to 100 m\/min.<\/span><\/li>\n<\/ul>\n<p style=\"text-align: left;\"><span style=\"color: #808080;\">Trust Aumann for innovative and reliable solutions in the manufacture of decorative and automotive films.<\/span><\/p>\n<p>&nbsp;<\/p>\n<hr \/>\n<p style=\"text-align: left;\"><span style=\"color: #808080;\"><b><img loading=\"lazy\" decoding=\"async\" class=\"alignleft wp-image-2639\" src=\"https:\/\/lacom-coating.de\/wp-content\/uploads\/2025\/07\/ALAU_Button_Decor.png\" alt=\"\" width=\"164\" height=\"164\" srcset=\"https:\/\/lacom-coating.de\/wp-content\/uploads\/2025\/07\/ALAU_Button_Decor.png 640w, https:\/\/lacom-coating.de\/wp-content\/uploads\/2025\/07\/ALAU_Button_Decor-300x300.png 300w, https:\/\/lacom-coating.de\/wp-content\/uploads\/2025\/07\/ALAU_Button_Decor-150x150.png 150w, https:\/\/lacom-coating.de\/wp-content\/uploads\/2025\/07\/ALAU_Button_Decor-90x90.png 90w, https:\/\/lacom-coating.de\/wp-content\/uploads\/2025\/07\/ALAU_Button_Decor-75x75.png 75w\" sizes=\"auto, (max-width: 164px) 100vw, 164px\" \/><\/b><\/span><\/p>\n<p>&nbsp;<\/p>\n<p style=\"text-align: left;\"><span style=\"color: #808080;\"><b>Aumann as your competent partner:<\/b><\/span><\/p>\n<ul style=\"text-align: left;\">\n<li><span style=\"color: #808080;\">Customized solutions<\/span><\/li>\n<li><span style=\"color: #808080;\">Efficiency &amp; Precision<\/span><\/li>\n<li><span style=\"color: #808080;\">Durability &amp; value retention<\/span><\/li>\n<\/ul>\n<p>&nbsp;<\/p>\n<p style=\"text-align: left;\"><span style=\"color: #808080;\">Support that has a positive impact in terms of time, costs, sustainability, and efficiency.<br \/>\n<\/span><span style=\"color: #808080;\">Give us a call. Tel: +49 (0)7363 951-0<\/span><\/p>","protected":false},"excerpt":{"rendered":"<p>Hightech-Produktionslinien f\u00fcr Dekor- und Automobilfolien Aumann liefert ma\u00dfgeschneiderte Produktionslinien f\u00fcr hochwertige Dekor- und Automobilfolien, von der Konzeption bis zur Inbetriebnahme. Unser Ziel: h\u00f6chste Pr\u00e4zision und Effizienz. Unsere Kernkompetenzen: Individuelles Anlagenkonzept: Als Gesamtsystemlieferant decken wir alle Phasen von Beschichtung, Lackierung, Kaschierung, Trocknung und Wicklung ab, somit ma\u00dfgeschneidert f\u00fcr Ihre Produkte. Laminieren und Pr\u00e4gen: Aumann-Anlagen verarbeiten Dekorfolien (50-600 \u03bcm) und Automobilfolien (0,5-5<\/p>","protected":false},"author":1,"featured_media":0,"parent":0,"menu_order":0,"comment_status":"closed","ping_status":"closed","template":"","meta":{"footnotes":""},"tags":[],"class_list":["post-2545","page","type-page","status-publish","hentry"],"_links":{"self":[{"href":"https:\/\/lacom-coating.de\/en\/wp-json\/wp\/v2\/pages\/2545","targetHints":{"allow":["GET"]}}],"collection":[{"href":"https:\/\/lacom-coating.de\/en\/wp-json\/wp\/v2\/pages"}],"about":[{"href":"https:\/\/lacom-coating.de\/en\/wp-json\/wp\/v2\/types\/page"}],"author":[{"embeddable":true,"href":"https:\/\/lacom-coating.de\/en\/wp-json\/wp\/v2\/users\/1"}],"replies":[{"embeddable":true,"href":"https:\/\/lacom-coating.de\/en\/wp-json\/wp\/v2\/comments?post=2545"}],"version-history":[{"count":7,"href":"https:\/\/lacom-coating.de\/en\/wp-json\/wp\/v2\/pages\/2545\/revisions"}],"predecessor-version":[{"id":2800,"href":"https:\/\/lacom-coating.de\/en\/wp-json\/wp\/v2\/pages\/2545\/revisions\/2800"}],"wp:attachment":[{"href":"https:\/\/lacom-coating.de\/en\/wp-json\/wp\/v2\/media?parent=2545"}],"wp:term":[{"taxonomy":"post_tag","embeddable":true,"href":"https:\/\/lacom-coating.de\/en\/wp-json\/wp\/v2\/tags?post=2545"}],"curies":[{"name":"wp","href":"https:\/\/api.w.org\/{rel}","templated":true}]}}