{"id":2531,"date":"2025-07-16T05:51:54","date_gmt":"2025-07-16T05:51:54","guid":{"rendered":"https:\/\/lacom-coating.de\/?page_id=2531"},"modified":"2025-07-24T12:34:16","modified_gmt":"2025-07-24T12:34:16","slug":"tape","status":"publish","type":"page","link":"https:\/\/lacom-coating.de\/en\/tape\/","title":{"rendered":"Tape"},"content":{"rendered":"<p style=\"text-align: left;\"><span style=\"color: #808080;\"><b>High-tech production lines for self-adhesive films and paper<\/b><\/span><\/p>\n<p style=\"text-align: left;\"><span style=\"color: #808080;\">Aumann is your one-stop shop for customised production lines for processing self-adhesive films and paper. <\/span><br \/>\n<span style=\"color: #808080;\">We supply versatile technology that meets your individual requirements and drives innovation in the film industry.<\/span><\/p>\n<p style=\"text-align: left;\"><img loading=\"lazy\" decoding=\"async\" class=\"aligncenter size-full wp-image-2532\" src=\"https:\/\/lacom-coating.de\/wp-content\/uploads\/2025\/07\/ALAU-CL-Dispersionsbeschichtungsanlage-3010090-offen.web_.png\" alt=\"\" width=\"1400\" height=\"321\" srcset=\"https:\/\/lacom-coating.de\/wp-content\/uploads\/2025\/07\/ALAU-CL-Dispersionsbeschichtungsanlage-3010090-offen.web_.png 1400w, https:\/\/lacom-coating.de\/wp-content\/uploads\/2025\/07\/ALAU-CL-Dispersionsbeschichtungsanlage-3010090-offen.web_-300x69.png 300w, https:\/\/lacom-coating.de\/wp-content\/uploads\/2025\/07\/ALAU-CL-Dispersionsbeschichtungsanlage-3010090-offen.web_-1024x235.png 1024w, https:\/\/lacom-coating.de\/wp-content\/uploads\/2025\/07\/ALAU-CL-Dispersionsbeschichtungsanlage-3010090-offen.web_-768x176.png 768w\" sizes=\"auto, (max-width: 1400px) 100vw, 1400px\" \/><\/p>\n<p style=\"text-align: left;\"><span style=\"color: #808080;\"><b>Our core competencies:<\/b><\/span><\/p>\n<ul style=\"text-align: left;\">\n<li><span style=\"color: #808080;\">Customised coating concept: Comprehensive system supplier from design to commissioning for all coating, painting, laminating, drying and winding processes.<\/span><\/li>\n<li><span style=\"color: #808080;\">Unwinder and rewinder: Material-friendly winding technology for maximum quality and minimal losses. <\/span><br \/>\n<span style=\"color: #808080;\">Clamping widths up to over 2,000 mm, speeds over 300 m\/min.<\/span><\/li>\n<li><span style=\"color: #808080;\">Coating: Equipment for all coating variants (dispersion, solvent, hot melt, UV) and reliable processes. <\/span><br \/>\n<span style=\"color: #808080;\">Aumann cassette technology enables short set-up times and quick product changes.<\/span><\/li>\n<li><span style=\"color: #808080;\">Drying: Highly efficient and gentle drying solutions for maximum quality, safety and energy efficiency. <\/span><br \/>\n<span style=\"color: #808080;\">Available for dispersion and\/or solvent\/explosive operation, working widths up to over 2,000 mm, with <\/span><br \/>\n<span style=\"color: #808080;\">Advanced nozzle technology for optimum web stability and uniform drying.<\/span><\/li>\n<\/ul>\n<p style=\"text-align: left;\">\n<p style=\"text-align: left;\"><img loading=\"lazy\" decoding=\"async\" class=\"aligncenter size-full wp-image-2533\" src=\"https:\/\/lacom-coating.de\/wp-content\/uploads\/2025\/07\/ALAU-CL-Beschichtungsanlage-Hartmann-871647.web_.png\" alt=\"\" width=\"1400\" height=\"654\" srcset=\"https:\/\/lacom-coating.de\/wp-content\/uploads\/2025\/07\/ALAU-CL-Beschichtungsanlage-Hartmann-871647.web_.png 1400w, https:\/\/lacom-coating.de\/wp-content\/uploads\/2025\/07\/ALAU-CL-Beschichtungsanlage-Hartmann-871647.web_-300x140.png 300w, https:\/\/lacom-coating.de\/wp-content\/uploads\/2025\/07\/ALAU-CL-Beschichtungsanlage-Hartmann-871647.web_-1024x478.png 1024w, https:\/\/lacom-coating.de\/wp-content\/uploads\/2025\/07\/ALAU-CL-Beschichtungsanlage-Hartmann-871647.web_-768x359.png 768w\" sizes=\"auto, (max-width: 1400px) 100vw, 1400px\" \/><\/p>\n<p><span style=\"color: #999999;\">Trust Aumann for innovative and reliable coating solutions.<\/span><\/p>\n<p>&nbsp;<\/p>\n<hr \/>\n<p>&nbsp;<\/p>\n<p style=\"text-align: left;\"><span style=\"color: #808080;\"><b><img loading=\"lazy\" decoding=\"async\" class=\"alignleft wp-image-2640\" src=\"https:\/\/lacom-coating.de\/wp-content\/uploads\/2025\/07\/ALAU_Button_Tape.png\" alt=\"\" width=\"164\" height=\"164\" srcset=\"https:\/\/lacom-coating.de\/wp-content\/uploads\/2025\/07\/ALAU_Button_Tape.png 640w, https:\/\/lacom-coating.de\/wp-content\/uploads\/2025\/07\/ALAU_Button_Tape-300x300.png 300w, https:\/\/lacom-coating.de\/wp-content\/uploads\/2025\/07\/ALAU_Button_Tape-150x150.png 150w, https:\/\/lacom-coating.de\/wp-content\/uploads\/2025\/07\/ALAU_Button_Tape-90x90.png 90w, https:\/\/lacom-coating.de\/wp-content\/uploads\/2025\/07\/ALAU_Button_Tape-75x75.png 75w\" sizes=\"auto, (max-width: 164px) 100vw, 164px\" \/><\/b><\/span><\/p>\n<p>&nbsp;<\/p>\n<p style=\"text-align: left;\"><span style=\"color: #808080;\"><b>Aumann as your competent partner:<\/b><\/span><\/p>\n<ul style=\"text-align: left;\">\n<li><span style=\"color: #808080;\">Customized solutions<\/span><\/li>\n<li><span style=\"color: #808080;\">Efficiency &amp; Precision<\/span><\/li>\n<li><span style=\"color: #808080;\">Durability &amp; value retention<\/span><\/li>\n<\/ul>\n<p>&nbsp;<\/p>\n<p>&nbsp;<\/p>\n<p style=\"text-align: left;\"><span style=\"color: #808080;\">Support that has a positive impact in terms of time, costs, sustainability, and efficiency.<br \/>\n<\/span><span style=\"color: #808080;\">Give us a call. Tel: +49 (0)7363 951-0<\/span><\/p>","protected":false},"excerpt":{"rendered":"<p>Hightech-Produktionslinien f\u00fcr selbstklebende Folien &amp; Papier Aumann ist Ihr Komplettanbieter f\u00fcr ma\u00dfgeschneiderte Produktionslinien zur Verarbeitung von selbstklebenden Folien und Papier. Wir liefern vielseitige Technologie, die Ihren individuellen Anforderungen gerecht wird und Innovationen in der Folienindustrie vorantreibt. Unsere Kernkompetenzen: Individuelles Beschichtungskonzept: Ganzheitlicher Systemlieferant von der Konzeption bis zur Inbetriebnahme f\u00fcr alle Beschichtungs-, Lackier-, Kaschier-, Trocknungs- und Wickelprozesse. Ab- und Aufwickler: Materialschonende<\/p>","protected":false},"author":1,"featured_media":0,"parent":0,"menu_order":0,"comment_status":"closed","ping_status":"closed","template":"","meta":{"footnotes":""},"tags":[],"class_list":["post-2531","page","type-page","status-publish","hentry"],"_links":{"self":[{"href":"https:\/\/lacom-coating.de\/en\/wp-json\/wp\/v2\/pages\/2531","targetHints":{"allow":["GET"]}}],"collection":[{"href":"https:\/\/lacom-coating.de\/en\/wp-json\/wp\/v2\/pages"}],"about":[{"href":"https:\/\/lacom-coating.de\/en\/wp-json\/wp\/v2\/types\/page"}],"author":[{"embeddable":true,"href":"https:\/\/lacom-coating.de\/en\/wp-json\/wp\/v2\/users\/1"}],"replies":[{"embeddable":true,"href":"https:\/\/lacom-coating.de\/en\/wp-json\/wp\/v2\/comments?post=2531"}],"version-history":[{"count":6,"href":"https:\/\/lacom-coating.de\/en\/wp-json\/wp\/v2\/pages\/2531\/revisions"}],"predecessor-version":[{"id":2768,"href":"https:\/\/lacom-coating.de\/en\/wp-json\/wp\/v2\/pages\/2531\/revisions\/2768"}],"wp:attachment":[{"href":"https:\/\/lacom-coating.de\/en\/wp-json\/wp\/v2\/media?parent=2531"}],"wp:term":[{"taxonomy":"post_tag","embeddable":true,"href":"https:\/\/lacom-coating.de\/en\/wp-json\/wp\/v2\/tags?post=2531"}],"curies":[{"name":"wp","href":"https:\/\/api.w.org\/{rel}","templated":true}]}}