{"id":2099,"date":"2023-11-08T14:52:35","date_gmt":"2023-11-08T13:52:35","guid":{"rendered":"https:\/\/lacom-coating.de\/?page_id=2099"},"modified":"2025-07-24T12:56:36","modified_gmt":"2025-07-24T12:56:36","slug":"fuel-cell","status":"publish","type":"page","link":"https:\/\/lacom-coating.de\/en\/fuel-cell\/","title":{"rendered":"Fuel Cell"},"content":{"rendered":"<h5><span style=\"color: #999999;\"><b>Precise electrode coating for fuel cells<\/b><\/span><\/h5>\n<p><span style=\"color: #999999;\">Aumann offers expertise in catalyst coating for CCM\/GDE manufacturing and crucial solutions for electrode coating that fundamentally influence the quality and performance of your fuel cell.<\/span><\/p>\n<p>&nbsp;<\/p>\n<p><img loading=\"lazy\" decoding=\"async\" class=\"wp-image-2737 size-full aligncenter\" src=\"https:\/\/lacom-coating.de\/wp-content\/uploads\/2025\/07\/ALAU-BL-Catalyst-Coating-A6D-10342460A-01.png\" alt=\"\" width=\"1200\" height=\"685\" srcset=\"https:\/\/lacom-coating.de\/wp-content\/uploads\/2025\/07\/ALAU-BL-Catalyst-Coating-A6D-10342460A-01.png 1200w, https:\/\/lacom-coating.de\/wp-content\/uploads\/2025\/07\/ALAU-BL-Catalyst-Coating-A6D-10342460A-01-300x171.png 300w, https:\/\/lacom-coating.de\/wp-content\/uploads\/2025\/07\/ALAU-BL-Catalyst-Coating-A6D-10342460A-01-1024x585.png 1024w, https:\/\/lacom-coating.de\/wp-content\/uploads\/2025\/07\/ALAU-BL-Catalyst-Coating-A6D-10342460A-01-768x438.png 768w\" sizes=\"auto, (max-width: 1200px) 100vw, 1200px\" \/><\/p>\n<p><span style=\"color: #999999;\"><b>Our core competencies:<\/b><\/span><\/p>\n<ul>\n<li><span style=\"color: #999999;\">Coating technologies: Precise, reproducible catalyst layer application using a wide slot nozzle (up to AAAA standard possible), Kommabar, squeegee chambers, roller application, or rotary printing. Flexible adaptation to coating widths.<\/span><\/li>\n<li><span style=\"color: #999999;\">Comprehensive drying: Efficient and gentle drying of the electrode<\/span><\/li>\n<li><span style=\"color: #999999;\">Integrated quality assurance: Measurement and inspection systems (coating thickness, loading, surface inspection, marking systems) integrated directly into the system.<\/span><\/li>\n<li><span style=\"color: #999999;\">Flexible carrier film coating: Tailor-made solutions for top and\/or bottom coating of carrier films.<\/span><\/li>\n<\/ul>\n<p><span style=\"color: #999999;\">Trust Aumann for innovative electrode coating - the basis for the next generation of fuel cells.<\/span><\/p>\n<p>&nbsp;<\/p>\n<hr \/>\n<p>&nbsp;<\/p>\n<h5><span style=\"color: #999999;\"><b>Efficient CCM production with decal transfer process<\/b><\/span><\/h5>\n<p><span style=\"color: #999999;\">Aumann offers revolutionary technology for your fuel cell and electrolyzer production. Our decal transfer process coats catalysts on both sides of a carrier film and transfers them precisely to the membrane before the finished CCM is wound up.<\/span><\/p>\n<p>&nbsp;<\/p>\n<p><span style=\"color: #999999;\"><img loading=\"lazy\" decoding=\"async\" class=\"size-full wp-image-2743 aligncenter\" src=\"https:\/\/lacom-coating.de\/wp-content\/uploads\/2025\/07\/ALAU-DECAL-Anlage-10372462-Logo.png\" alt=\"\" width=\"2400\" height=\"1283\" srcset=\"https:\/\/lacom-coating.de\/wp-content\/uploads\/2025\/07\/ALAU-DECAL-Anlage-10372462-Logo.png 2400w, https:\/\/lacom-coating.de\/wp-content\/uploads\/2025\/07\/ALAU-DECAL-Anlage-10372462-Logo-300x160.png 300w, https:\/\/lacom-coating.de\/wp-content\/uploads\/2025\/07\/ALAU-DECAL-Anlage-10372462-Logo-1024x547.png 1024w, https:\/\/lacom-coating.de\/wp-content\/uploads\/2025\/07\/ALAU-DECAL-Anlage-10372462-Logo-768x411.png 768w, https:\/\/lacom-coating.de\/wp-content\/uploads\/2025\/07\/ALAU-DECAL-Anlage-10372462-Logo-1536x821.png 1536w, https:\/\/lacom-coating.de\/wp-content\/uploads\/2025\/07\/ALAU-DECAL-Anlage-10372462-Logo-2048x1095.png 2048w\" sizes=\"auto, (max-width: 2400px) 100vw, 2400px\" \/><\/span><\/p>\n<p><span style=\"color: #999999;\"><b>Our core competencies:<\/b><\/span><\/p>\n<ul>\n<li><span style=\"color: #999999;\">Sustainability: The reusability of the decal film reduces waste and promotes resource conservation.<\/span><\/li>\n<li><span style=\"color: #999999;\">Flexible solutions: Modular systems offer maximum flexibility, e.g. through easily interchangeable calender rolls (steel-steel or steel-rubber).<\/span><\/li>\n<li><span style=\"color: #999999;\">Scalable automation: Adaptable from a low degree of automation to a fully automated non-stop system.<\/span><\/li>\n<li><span style=\"color: #999999;\">Customized separation: Solutions for efficient MEA processing, including flexible cutting options and easy adjustment of the number of cuts thanks to modular design.<\/span><\/li>\n<\/ul>\n<p><span style=\"color: #999999;\">Trust Aumann for innovative, sustainable, and precise solutions in the decal transfer process for CCM production.<\/span><\/p>\n<p>&nbsp;<\/p>\n<hr \/>\n<p>&nbsp;<\/p>\n<h5><span style=\"color: #999999;\"><b>Tailor-made machine concepts for perfect production<\/b><\/span><\/h5>\n<p><span style=\"color: #999999;\">Aumann delivers turnkey complete solutions that are precisely tailored to your individual production requirements. We guarantee maximum efficiency, precision, and reliability through technologically advanced and perfectly integrable machine concepts.<\/span><\/p>\n<p><img loading=\"lazy\" decoding=\"async\" class=\"alignleft wp-image-2749 size-full\" src=\"https:\/\/lacom-coating.de\/wp-content\/uploads\/2025\/07\/ALIM-BL-Brennstoffzelle-Demontage.png\" alt=\"\" width=\"1400\" height=\"1190\" \/><\/p>\n<p>&nbsp;<\/p>\n<p><strong><span style=\"color: #999999;\">Our core competencies:<\/span><\/strong><\/p>\n<ul>\n<li><span style=\"color: #999999;\">Automated handling: feeding, rotary tables, pick-and-place\/SCARA robots, vacuum suction grippers.<\/span><\/li>\n<li><span style=\"color: #999999;\">Prozessintegration: DMC-Scanner, pr\u00e4zise Positionierung (Kamerasysteme), Transportb\u00e4nder, Magazine, F\u00fcgen &amp; Pressen.<\/span><\/li>\n<li><span style=\"color: #999999;\">Qualit\u00e4t &amp; Logistik: Dichtigkeitspr\u00fcfung, Umreifung, IO\/NIO-Abtransport, Nacharbeitsstationen, geometrische Messung, DMC-Lasering\/-Druck\/-Kleben.<\/span><\/li>\n<li><span style=\"color: #999999;\">Umfeldkontrolle: Klimatisierung und Luftaufbereitung.<\/span><\/li>\n<\/ul>\n<p>&nbsp;<\/p>\n<p><span style=\"color: #999999;\">Trust Aumann for innovative, reliable production solutions that strengthen your competitiveness.<\/span><\/p>\n<p>&nbsp;<\/p>\n<hr \/>\n<p>&nbsp;<\/p>\n<p><img loading=\"lazy\" decoding=\"async\" class=\"alignleft wp-image-2723\" src=\"https:\/\/lacom-coating.de\/wp-content\/uploads\/2025\/07\/ALAU_Button_Blue-Line-1.png\" alt=\"\" width=\"164\" height=\"164\" srcset=\"https:\/\/lacom-coating.de\/wp-content\/uploads\/2025\/07\/ALAU_Button_Blue-Line-1.png 640w, https:\/\/lacom-coating.de\/wp-content\/uploads\/2025\/07\/ALAU_Button_Blue-Line-1-300x300.png 300w, https:\/\/lacom-coating.de\/wp-content\/uploads\/2025\/07\/ALAU_Button_Blue-Line-1-150x150.png 150w, https:\/\/lacom-coating.de\/wp-content\/uploads\/2025\/07\/ALAU_Button_Blue-Line-1-90x90.png 90w, https:\/\/lacom-coating.de\/wp-content\/uploads\/2025\/07\/ALAU_Button_Blue-Line-1-75x75.png 75w\" sizes=\"auto, (max-width: 164px) 100vw, 164px\" \/><\/p>\n<p>&nbsp;<\/p>\n<p><span style=\"color: #999999;\"><b>Aumann as your competent partner:<\/b><\/span><\/p>\n<ul>\n<li><span style=\"color: #999999;\">Customized solutions<\/span><\/li>\n<li><span style=\"color: #999999;\">Efficiency &amp; Precision<\/span><\/li>\n<li><span style=\"color: #999999;\">Durability &amp; value retention<\/span><\/li>\n<\/ul>\n<p>&nbsp;<\/p>\n<p>&nbsp;<\/p>\n<p><span style=\"color: #999999;\">Support that has a positive impact in terms of time, costs, sustainability, and efficiency.<br \/>\n<\/span><span style=\"color: #999999;\">Give us a call. Tel: +49 (0)7363 951-0<\/span><\/p>","protected":false},"excerpt":{"rendered":"<p>Pr\u00e4zise Elektrodenbeschichtung f\u00fcr Brennstoffzellen Aumann bietet Expertise in der Katalysatorenbeschichtung f\u00fcr CCM- \/ GDE Fertigung und entscheidende L\u00f6sungen f\u00fcr die Elektrodenbeschichtung, die Qualit\u00e4t und Leistung Ihrer Brennstoffzelle grundlegend beeinflussen. &nbsp; Unsere Kernkompetenzen: Beschichtungstechnologien: Exakte, reproduzierbare Katalysatorschicht-Applikation mittels Breitschlitzd\u00fcse (bis zu AAAA-Standard m\u00f6glich), Kommabar, Rakelkammern, Walzenauftrag oder Rotationsdruck. Flexible Anpassung an Beschichtungsbreiten. Umfassende Trocknung: Effiziente und materialschonende Trocknung der Elektroden. Integrierte<\/p>","protected":false},"author":1,"featured_media":0,"parent":0,"menu_order":0,"comment_status":"closed","ping_status":"closed","template":"","meta":{"footnotes":""},"tags":[],"class_list":["post-2099","page","type-page","status-publish","hentry"],"_links":{"self":[{"href":"https:\/\/lacom-coating.de\/en\/wp-json\/wp\/v2\/pages\/2099","targetHints":{"allow":["GET"]}}],"collection":[{"href":"https:\/\/lacom-coating.de\/en\/wp-json\/wp\/v2\/pages"}],"about":[{"href":"https:\/\/lacom-coating.de\/en\/wp-json\/wp\/v2\/types\/page"}],"author":[{"embeddable":true,"href":"https:\/\/lacom-coating.de\/en\/wp-json\/wp\/v2\/users\/1"}],"replies":[{"embeddable":true,"href":"https:\/\/lacom-coating.de\/en\/wp-json\/wp\/v2\/comments?post=2099"}],"version-history":[{"count":23,"href":"https:\/\/lacom-coating.de\/en\/wp-json\/wp\/v2\/pages\/2099\/revisions"}],"predecessor-version":[{"id":2795,"href":"https:\/\/lacom-coating.de\/en\/wp-json\/wp\/v2\/pages\/2099\/revisions\/2795"}],"wp:attachment":[{"href":"https:\/\/lacom-coating.de\/en\/wp-json\/wp\/v2\/media?parent=2099"}],"wp:term":[{"taxonomy":"post_tag","embeddable":true,"href":"https:\/\/lacom-coating.de\/en\/wp-json\/wp\/v2\/tags?post=2099"}],"curies":[{"name":"wp","href":"https:\/\/api.w.org\/{rel}","templated":true}]}}