{"id":1742,"date":"2021-03-26T11:24:17","date_gmt":"2021-03-26T10:24:17","guid":{"rendered":"https:\/\/lacom-coating.de\/?page_id=1742"},"modified":"2025-07-24T12:47:50","modified_gmt":"2025-07-24T12:47:50","slug":"pilot-carpet","status":"publish","type":"page","link":"https:\/\/lacom-coating.de\/en\/pilot-carpet\/","title":{"rendered":"Pilot-Carpet"},"content":{"rendered":"<p style=\"text-align: left;\"><span style=\"color: #808080;\"><img loading=\"lazy\" decoding=\"async\" class=\"aligncenter size-full wp-image-2448\" src=\"https:\/\/lacom-coating.de\/wp-content\/uploads\/2025\/06\/ALAU_CL_Pilot-Carpet_917461A.H.png\" alt=\"\" width=\"1800\" height=\"1164\" srcset=\"https:\/\/lacom-coating.de\/wp-content\/uploads\/2025\/06\/ALAU_CL_Pilot-Carpet_917461A.H.png 1800w, https:\/\/lacom-coating.de\/wp-content\/uploads\/2025\/06\/ALAU_CL_Pilot-Carpet_917461A.H-300x194.png 300w, https:\/\/lacom-coating.de\/wp-content\/uploads\/2025\/06\/ALAU_CL_Pilot-Carpet_917461A.H-1024x662.png 1024w, https:\/\/lacom-coating.de\/wp-content\/uploads\/2025\/06\/ALAU_CL_Pilot-Carpet_917461A.H-768x497.png 768w, https:\/\/lacom-coating.de\/wp-content\/uploads\/2025\/06\/ALAU_CL_Pilot-Carpet_917461A.H-1536x993.png 1536w\" sizes=\"auto, (max-width: 1800px) 100vw, 1800px\" \/><\/span><\/p>\n<p style=\"text-align: left;\"><span style=\"color: #808080;\">For processing thermoplastic hot melts in the field of carpet backing coating and lamination as well as carpet tiles and hard flooring.<\/span><br \/>\n<span style=\"color: #808080;\">Widely used for all types of flexible laminates, such as floor coverings in industrial and commercial applications, as well as automotive interiors. Optionally, the system can be equipped to process carpet tiles and hard flooring in piece goods.<\/span><\/p>\n<p>&nbsp;<\/p>\n<p><span style=\"color: #808080;\"><strong>Machine type:<\/strong> <\/span><\/p>\n<ul>\n<li style=\"text-align: left;\"><span style=\"color: #808080;\">Pilot-Carpet<\/span><\/li>\n<\/ul>\n<p><span style=\"color: #808080;\"><strong>Working widths:<\/strong> <\/span><\/p>\n<ul>\n<li><span style=\"color: #808080;\">600 mm<\/span><\/li>\n<\/ul>\n<p><span style=\"color: #808080;\"><strong>Machine speed<\/strong> <\/span><\/p>\n<ul>\n<li><span style=\"color: #808080;\">1 bis 20 m\/min<\/span><\/li>\n<\/ul>\n<p><span style=\"color: #808080;\"><strong>Adhesive:<\/strong> <\/span><\/p>\n<ul>\n<li><span style=\"color: #808080;\">Thermoplastic Hotmelts<\/span><\/li>\n<\/ul>\n<p><span style=\"color: #808080;\"><strong>Order type:<\/strong> <\/span><\/p>\n<ul>\n<li><span style=\"color: #808080;\">dot point \/ full-surface \/ O.C.S<\/span><\/li>\n<\/ul>\n<p><span style=\"color: #808080;\"><strong>Application Weight<\/strong><\/span><\/p>\n<ul>\n<li><span style=\"color: #808080;\">5 \u2013 40 g\/m\u00b2 with engraving roller<\/span><\/li>\n<li><span style=\"color: #808080;\">5 \u2013 600 g\/m\u00b2 Full-cover coating<\/span><\/li>\n<\/ul>\n<p><span style=\"color: #808080;\"><strong>Application temperature<\/strong> <\/span><\/p>\n<ul>\n<li><span style=\"color: #808080;\">50 \u2013 250 \u00b0C<\/span><\/li>\n<\/ul>\n<p><span style=\"color: #808080;\"><strong>Application systems<\/strong> <\/span><\/p>\n<ul>\n<li><span style=\"color: #808080;\">Multipurpose or Multi Purpose<\/span><\/li>\n<\/ul>\n<p><span style=\"color: #808080;\"><strong>Adhesive viscosities<\/strong> <\/span><\/p>\n<ul>\n<li><span style=\"color: #808080;\">5.000 &#8211; 80.000 mPas<\/span><\/li>\n<\/ul>\n<p><span style=\"color: #808080;\"><strong>Heating medium<\/strong> <\/span><\/p>\n<ul>\n<li><span style=\"color: #808080;\">Thermal\u00f6l<\/span><\/li>\n<\/ul>\n<p>&nbsp;<\/p>\n<p>&nbsp;<\/p>\n<hr \/>\n<p>&nbsp;<\/p>\n<h5><span style=\"color: #999999;\"><img loading=\"lazy\" decoding=\"async\" class=\"alignleft wp-image-2636\" src=\"https:\/\/lacom-coating.de\/wp-content\/uploads\/2025\/07\/ALAU_Button_Flooring.png\" alt=\"\" width=\"164\" height=\"164\" srcset=\"https:\/\/lacom-coating.de\/wp-content\/uploads\/2025\/07\/ALAU_Button_Flooring.png 640w, https:\/\/lacom-coating.de\/wp-content\/uploads\/2025\/07\/ALAU_Button_Flooring-300x300.png 300w, https:\/\/lacom-coating.de\/wp-content\/uploads\/2025\/07\/ALAU_Button_Flooring-150x150.png 150w, https:\/\/lacom-coating.de\/wp-content\/uploads\/2025\/07\/ALAU_Button_Flooring-90x90.png 90w, https:\/\/lacom-coating.de\/wp-content\/uploads\/2025\/07\/ALAU_Button_Flooring-75x75.png 75w\" sizes=\"auto, (max-width: 164px) 100vw, 164px\" \/><\/span><\/h5>\n<p>&nbsp;<\/p>\n<p><span style=\"color: #999999;\"><b>Aumann as your competent partner:<\/b><\/span><\/p>\n<ul>\n<li><span style=\"color: #999999;\">Customized solutions<\/span><\/li>\n<li><span style=\"color: #999999;\">Efficiency &amp; Precision<\/span><\/li>\n<li><span style=\"color: #999999;\">Durability &amp; value retention<\/span><\/li>\n<\/ul>\n<p>&nbsp;<\/p>\n<p>&nbsp;<\/p>\n<p><span style=\"color: #999999;\">Support that has a positive impact in terms of time, costs, sustainability, and efficiency.<\/span><br \/>\n<span style=\"color: #999999;\">Give us a call. Tel: +49 (0)7363 951-0<\/span><\/p>","protected":false},"excerpt":{"rendered":"<p>Zur Verarbeitung von thermoplastischen Hotmelts auf dem Gebiet der Teppichr\u00fcckenbeschichtung und -kaschierung sowie Teppichfliesen und Hartb\u00f6den. Breite Anwendung f\u00fcr flexible Laminate aller Art wie Bodenbel\u00e4ge im Industrie- und Objektbereich sowie in automobilen Innenr\u00e4umen. Optional kann die Anlage ausger\u00fcstet werden, um Teppichfliesen und Hartb\u00f6den als St\u00fcckware zu verarbeiten. &nbsp; Maschinentyp: Pilot-Carpet Arbeitsbreiten: 600 mm Maschinengeschwindigkeit: 1 bis 20 m\/min Klebstoff: Thermoplastische<\/p>","protected":false},"author":1,"featured_media":0,"parent":0,"menu_order":0,"comment_status":"closed","ping_status":"closed","template":"","meta":{"footnotes":""},"tags":[],"class_list":["post-1742","page","type-page","status-publish","hentry"],"_links":{"self":[{"href":"https:\/\/lacom-coating.de\/en\/wp-json\/wp\/v2\/pages\/1742","targetHints":{"allow":["GET"]}}],"collection":[{"href":"https:\/\/lacom-coating.de\/en\/wp-json\/wp\/v2\/pages"}],"about":[{"href":"https:\/\/lacom-coating.de\/en\/wp-json\/wp\/v2\/types\/page"}],"author":[{"embeddable":true,"href":"https:\/\/lacom-coating.de\/en\/wp-json\/wp\/v2\/users\/1"}],"replies":[{"embeddable":true,"href":"https:\/\/lacom-coating.de\/en\/wp-json\/wp\/v2\/comments?post=1742"}],"version-history":[{"count":5,"href":"https:\/\/lacom-coating.de\/en\/wp-json\/wp\/v2\/pages\/1742\/revisions"}],"predecessor-version":[{"id":2787,"href":"https:\/\/lacom-coating.de\/en\/wp-json\/wp\/v2\/pages\/1742\/revisions\/2787"}],"wp:attachment":[{"href":"https:\/\/lacom-coating.de\/en\/wp-json\/wp\/v2\/media?parent=1742"}],"wp:term":[{"taxonomy":"post_tag","embeddable":true,"href":"https:\/\/lacom-coating.de\/en\/wp-json\/wp\/v2\/tags?post=1742"}],"curies":[{"name":"wp","href":"https:\/\/api.w.org\/{rel}","templated":true}]}}