{"id":1475,"date":"2020-10-12T14:28:30","date_gmt":"2020-10-12T12:28:30","guid":{"rendered":"https:\/\/lacom-coating.de\/?page_id=1475"},"modified":"2025-09-03T12:57:44","modified_gmt":"2025-09-03T12:57:44","slug":"battery","status":"publish","type":"page","link":"https:\/\/lacom-coating.de\/en\/battery\/","title":{"rendered":"Battery"},"content":{"rendered":"<p><span style=\"color: #999999;\"><b>Precise and efficient lithium battery production for e-mobility<\/b><\/span><\/p>\n<p><span style=\"color: #999999;\"><img loading=\"lazy\" decoding=\"async\" class=\"alignleft size-full wp-image-2604\" src=\"https:\/\/lacom-coating.de\/wp-content\/uploads\/2025\/07\/ALAU-ZSW-Coating-Battery-Electrode-619941A-web.png\" alt=\"\" width=\"1400\" height=\"677\" \/><\/span><\/p>\n<p><span style=\"color: #999999;\">Aumann offers comprehensive and flexible automation solutions for the entire lithium-ion battery production process \u2013 from electrode manufacturing to battery cell assembly. Our goal is to achieve the highest quality and cost-effectiveness.<\/span><\/p>\n<p><span style=\"color: #999999;\"><b>Our solutions for the highest battery quality:<\/b><\/span><\/p>\n<ul>\n<li style=\"list-style-type: none;\">\n<ul>\n<li><span style=\"color: #999999;\">Battery cell assembly: Continuous in-line quality control through a high degree of automation minimises rejects and ensures quality.<\/span><\/li>\n<li><span style=\"color: #999999;\">Electrode manufacturing: Complete traceability of all data for effective quality management in the coating, calendering and slitting process steps.<\/span><\/li>\n<\/ul>\n<\/li>\n<\/ul>\n<p>&nbsp;<\/p>\n<p><span style=\"color: #999999;\"><b>Specific processes &amp; Aumann solutions:<\/b><\/span><\/p>\n<ul>\n<li><span style=\"color: #999999;\">Coating: Precise application of slurry (catalyst ink) using a wide slot nozzle (up to AAAA standard possible), comma bar or squeegee chambers. Flexible tandem or single coating on copper or aluminium carrier foils. Comprehensive quality assurance (web running, coverage, surface\/edge inspection). Our systems are complete solutions including winding\/unwinding systems and web cleaning.<\/span><\/li>\n<li><span style=\"color: #999999;\">Calendering: Compression of electrode foils to increase energy density. Uniform line pressure, precise web tension control, contactless web cleaning and integrated inspection. Aumann concept for uniform line force and flexibility with variable widths\/forces.<\/span><\/li>\n<li><span style=\"color: #999999;\">Slitting: Precise longitudinal cutting of calendered electrode rolls into narrower strips using rotating blades. <\/span><\/li>\n<li><span style=\"color: #999999;\">Precise web edge control and constant web tension monitoring ensure maximum precision.<\/span><\/li>\n<\/ul>\n<p>&nbsp;<\/p>\n<hr \/>\n<p>&nbsp;<\/p>\n<p><span style=\"color: #999999;\"><b>Highly efficient laboratory system for double-sided coating applications<\/b><\/span><\/p>\n<p><span style=\"color: #999999;\">Maximum efficiency and flexibility for your product development in medical technology, renewable energies and beyond. Our advanced laboratory system enables parallel double-sided coating using two independently operating wide slot nozzles.<\/span><\/p>\n<p>&nbsp;<\/p>\n<p><span style=\"color: #999999;\"><img loading=\"lazy\" decoding=\"async\" class=\"size-full wp-image-2595 aligncenter\" src=\"https:\/\/lacom-coating.de\/wp-content\/uploads\/2025\/07\/ALAU-BL-Beschichtungsanlage-Vertical-Coater-ZSW-10364166.web_-3.png\" alt=\"\" width=\"1460\" height=\"1285\" srcset=\"https:\/\/lacom-coating.de\/wp-content\/uploads\/2025\/07\/ALAU-BL-Beschichtungsanlage-Vertical-Coater-ZSW-10364166.web_-3.png 1460w, https:\/\/lacom-coating.de\/wp-content\/uploads\/2025\/07\/ALAU-BL-Beschichtungsanlage-Vertical-Coater-ZSW-10364166.web_-3-300x264.png 300w, https:\/\/lacom-coating.de\/wp-content\/uploads\/2025\/07\/ALAU-BL-Beschichtungsanlage-Vertical-Coater-ZSW-10364166.web_-3-1024x901.png 1024w, https:\/\/lacom-coating.de\/wp-content\/uploads\/2025\/07\/ALAU-BL-Beschichtungsanlage-Vertical-Coater-ZSW-10364166.web_-3-768x676.png 768w\" sizes=\"auto, (max-width: 1460px) 100vw, 1460px\" \/><\/span><\/p>\n<p><span style=\"color: #999999;\"><b>Our core competencies:<\/b><\/span><\/p>\n<ul>\n<li><span style=\"color: #999999;\">Vertical double-sided coating &amp; drying: Space-saving arrangement enables compact integration and easy expansion of dryer capacity.<\/span><\/li>\n<li><span style=\"color: #999999;\">Optimised process flow: Seamless process from unwinding to double-sided <\/span><\/li>\n<li><span style=\"color: #999999;\">Coating and vertical drying through to transport and winding.<\/span><\/li>\n<\/ul>\n<p>&nbsp;<\/p>\n<p><span style=\"color: #999999;\">Trust Aumann for innovative, precise and efficient solutions in lithium battery production.<\/span><\/p>\n<p>&nbsp;<\/p>\n<hr \/>\n<p>&nbsp;<\/p>\n<p><span style=\"color: #999999;\"><b><img loading=\"lazy\" decoding=\"async\" class=\"alignleft wp-image-2643\" src=\"https:\/\/lacom-coating.de\/wp-content\/uploads\/2025\/07\/ALAU_Button_emobiltiy-1.png\" alt=\"\" width=\"164\" height=\"164\" \/><\/b><\/span><\/p>\n<p>&nbsp;<\/p>\n<p><span style=\"color: #999999;\"><b>Aumann as your competent partner:<\/b><\/span><\/p>\n<ul>\n<li><span style=\"color: #999999;\">Customized solutions<\/span><\/li>\n<li><span style=\"color: #999999;\">Efficiency &amp; Precision<\/span><\/li>\n<li><span style=\"color: #999999;\">Durability &amp; value retention<\/span><\/li>\n<\/ul>\n<p>&nbsp;<\/p>\n<p>&nbsp;<\/p>\n<p><span style=\"color: #999999;\">Support that has a positive impact in terms of time, costs, sustainability, and efficiency.<br \/>\nGive us a call. Tel: +49 (0)7363 951-0<\/span><\/p>","protected":false},"excerpt":{"rendered":"<p>Pr\u00e4zise &amp; effiziente Lithiumbatterieproduktion f\u00fcr E-Mobilit\u00e4t Aumann bietet umfassende und flexible Automatisierungsl\u00f6sungen f\u00fcr die gesamte Lithium-Ionen-Batterieproduktion \u2013 von der Elektrodenfertigung bis zur Batteriezellmontage. Unser Ziel ist h\u00f6chste Qualit\u00e4t und Wirtschaftlichkeit. Unsere L\u00f6sungen f\u00fcr h\u00f6chste Batteriequalit\u00e4t: Batteriezellmontage: Kontinuierliche In-line-Qualit\u00e4tskontrolle durch hohen Automatisierungsgrad minimiert Ausschuss und sichert die Qualit\u00e4t. Elektrodenfertigung: L\u00fcckenlose R\u00fcckverfolgbarkeit aller Daten f\u00fcr effektives Qualit\u00e4tsmanagement in den Prozessschritten Beschichten, Kalandrieren<\/p>","protected":false},"author":1,"featured_media":0,"parent":0,"menu_order":0,"comment_status":"closed","ping_status":"closed","template":"","meta":{"footnotes":""},"tags":[10,11,12,15,17,18,21,26,29,31,33],"class_list":["post-1475","page","type-page","status-publish","hentry","tag-batterie","tag-batteriezelle","tag-beschichten","tag-breitschlitzduese","tag-brennstoffzelle","tag-elektrodenfertigung","tag-kalandern","tag-li-ionen-akku","tag-pem","tag-slitting","tag-trocknen"],"_links":{"self":[{"href":"https:\/\/lacom-coating.de\/en\/wp-json\/wp\/v2\/pages\/1475","targetHints":{"allow":["GET"]}}],"collection":[{"href":"https:\/\/lacom-coating.de\/en\/wp-json\/wp\/v2\/pages"}],"about":[{"href":"https:\/\/lacom-coating.de\/en\/wp-json\/wp\/v2\/types\/page"}],"author":[{"embeddable":true,"href":"https:\/\/lacom-coating.de\/en\/wp-json\/wp\/v2\/users\/1"}],"replies":[{"embeddable":true,"href":"https:\/\/lacom-coating.de\/en\/wp-json\/wp\/v2\/comments?post=1475"}],"version-history":[{"count":16,"href":"https:\/\/lacom-coating.de\/en\/wp-json\/wp\/v2\/pages\/1475\/revisions"}],"predecessor-version":[{"id":2832,"href":"https:\/\/lacom-coating.de\/en\/wp-json\/wp\/v2\/pages\/1475\/revisions\/2832"}],"wp:attachment":[{"href":"https:\/\/lacom-coating.de\/en\/wp-json\/wp\/v2\/media?parent=1475"}],"wp:term":[{"taxonomy":"post_tag","embeddable":true,"href":"https:\/\/lacom-coating.de\/en\/wp-json\/wp\/v2\/tags?post=1475"}],"curies":[{"name":"wp","href":"https:\/\/api.w.org\/{rel}","templated":true}]}}