{"id":1081,"date":"2018-06-19T10:27:41","date_gmt":"2018-06-19T08:27:41","guid":{"rendered":"http:\/\/lacom-online.com\/?page_id=1081"},"modified":"2025-07-15T07:00:52","modified_gmt":"2025-07-15T07:00:52","slug":"datenschutzrichtlinien","status":"publish","type":"page","link":"https:\/\/lacom-coating.de\/en\/impressum\/datenschutzrichtlinien\/","title":{"rendered":"Data protection"},"content":{"rendered":"<div class=\"entry clearfix\">\n<div id=\"c112\" class=\"csc-default\">\n<div class=\"csc-header csc-header-n1\">\n<h2 class=\"csc-firstHeader\"><span style=\"color: #808080;\">Privacy policy<\/span><\/h2>\n<\/div>\n<\/div>\n<\/div>\n<div id=\"c112\" class=\"csc-default\">\n<h3><span style=\"color: #808080;\"><strong>1. Data protection at a glance<\/strong><\/span><\/h3>\n<p><span style=\"color: #808080;\"><strong>General information<\/strong><\/span><\/p>\n<p><span style=\"color: #808080;\">The following information provides a simple overview of what happens to your personal data when you visit our website. Personal data is all data that can be used to identify you personally. Detailed information on data protection can be found in our privacy policy listed below this text.<\/span><\/p>\n<p><span style=\"color: #808080;\"><strong>Data collection on our website<\/strong><\/span><\/p>\n<p><span style=\"color: #808080;\"><strong>Who is responsible for data collection on this website?<\/strong><\/span><\/p>\n<p><span style=\"color: #808080;\">Data processing on this website is carried out by the website operator. You can find their contact details in the website's imprint.<\/span><\/p>\n<p><span style=\"color: #808080;\"><strong>How do we collect your data?<\/strong><\/span><\/p>\n<p><span style=\"color: #808080;\">Your data is collected, on the one hand, when you provide it to us. This may, for example, be data you enter in a contact form.<\/span><\/p>\n<p><span style=\"color: #808080;\">Other data is automatically collected by our IT systems when you visit the website. This primarily involves technical data (e.g., internet browser, operating system, or time of page access). This data is collected automatically as soon as you enter our website.<\/span><\/p>\n<p><span style=\"color: #808080;\"><strong>What do we use your data for?<\/strong><\/span><\/p>\n<p><span style=\"color: #808080;\">Some of the data is collected to ensure the error-free provision of the website. Other data may be used to analyze your user behavior.<\/span><\/p>\n<p><span style=\"color: #808080;\"><strong>What rights do you have regarding your data?<\/strong><\/span><\/p>\n<p><span style=\"color: #808080;\">You have the right to obtain information about the origin, recipient, and purpose of your stored personal data free of charge at any time. You also have the right to request the correction, blocking, or deletion of this data. You can contact us at any time at the address provided in the imprint for this purpose and for other questions regarding data protection. Furthermore, you have the right to lodge a complaint with the responsible supervisory authority.<\/span><\/p>\n<p><span style=\"color: #808080;\">You also have the right to request the restriction of processing of your personal data under certain circumstances. For details, see the \"Right to Restriction of Processing\" section of the Privacy Policy.<\/span><\/p>\n<p><span style=\"color: #808080;\"><strong>Analysis tools and third-party tools<\/strong><\/span><\/p>\n<p><span style=\"color: #808080;\">When you visit our website, your browsing behavior may be statistically analyzed. This is done primarily with cookies and so-called analysis programs. The analysis of your browsing behavior is generally anonymous; it cannot be traced back to you. You can object to this analysis or prevent it by not using certain tools. Detailed information can be found in the following privacy policy.<\/span><\/p>\n<p><span style=\"color: #808080;\">You can object to this analysis. We will inform you about your options for objecting in this privacy policy.<\/span><\/p>\n<h3><span style=\"color: #808080;\"><strong>2. General information and mandatory information<\/strong><\/span><\/h3>\n<p><span style=\"color: #808080;\"><strong>Data protection<\/strong><\/span><\/p>\n<p><span style=\"color: #808080;\">The operators of these websites take the protection of your personal data very seriously. We treat your personal data confidentially and in accordance with the statutory data protection regulations and this privacy policy.<\/span><\/p>\n<p><span style=\"color: #808080;\">When you use this website, various personal data is collected. Personal data is data that can be used to identify you personally. This privacy policy explains what data we collect and what we use it for. It also explains how and for what purpose.<\/span><\/p>\n<p><span style=\"color: #808080;\">We would like to point out that data transmission over the Internet (e.g., when communicating via email) may be subject to security gaps. Complete protection of data from access by third parties is not possible.<\/span><\/p>\n<p><span style=\"color: #808080;\"><strong>Note on the responsible body<\/strong><\/span><\/p>\n<p><span style=\"color: #808080;\">The responsible body for data processing on this website is:<\/span><\/p>\n<p><span style=\"color: #808080;\">Aumann Lauchheim GmbH<\/span><br \/>\n<span style=\"color: #808080;\">Anton-Grimmer-Str. 7<\/span><br \/>\n<span style=\"color: #808080;\">73466 Lauchheim<\/span><br \/>\n<span style=\"color: #808080;\">Telefon: +49 \/ 7363 951 \u2013 0<\/span><br \/>\n<span style=\"color: #808080;\">E-Mail: <a style=\"color: #808080;\" href=\"mailto:info@lacom-online.de\">info.lau@aumann.com<\/a><\/span><\/p>\n<p><span style=\"color: #808080;\">The responsible body is the natural or legal person who alone or jointly with others decides on the purposes and means of processing personal data (e.g. names, e-mail addresses, etc.).<\/span><\/p>\n<p><span style=\"color: #808080;\"><strong>Revocation of your consent to data processing<\/strong><\/span><\/p>\n<p><span style=\"color: #808080;\">Many data processing operations are only possible with your express consent. You can revoke your previously granted consent at any time. Simply send us an informal email. The legality of the data processing carried out up to the time of revocation remains unaffected.<\/span><\/p>\n<p><span style=\"color: #808080;\"><strong>Right to object to data collection in special cases and to direct marketing (Article 21 GDPR)<\/strong><\/span><\/p>\n<p><span style=\"color: #808080;\"><strong>If data processing is based on Art. 6 (1) (e) or (f) GDPR, you have the right to object to the processing of your personal data at any time for reasons arising from your particular situation; this also applies to profiling based on these provisions. The respective legal basis on which processing is based can be found in this data protection declaration. If you object, we will no longer process your personal data unless we can demonstrate compelling legitimate grounds for the processing which outweigh your interests, rights and freedoms or the processing serves to assert, exercise or defend legal claims (objection pursuant to Art. 21 (1) GDPR).<\/strong><\/span><\/p>\n<p><span style=\"color: #808080;\"><strong>If your personal data is processed for direct marketing purposes, you have the right to object at any time to the processing of personal data concerning you for the purposes of such advertising; this also applies to profiling insofar as it is related to such direct marketing. If you object, your personal data will subsequently no longer be used for direct marketing purposes (objection pursuant to Art. 21 (2) GDPR).<\/strong><\/span><\/p>\n<p><span style=\"color: #808080;\"><strong>Right to lodge a complaint with the competent supervisory authority<\/strong><\/span><\/p>\n<p><span style=\"color: #808080;\">In the event of violations of the GDPR, data subjects have the right to lodge a complaint with a supervisory authority, in particular in the Member State of their habitual residence, place of work, or place of the alleged violation. This right of complaint is without prejudice to other administrative or judicial remedies.<\/span><\/p>\n<p><span style=\"color: #808080;\"><strong>Right to data portability<\/strong><\/span><\/p>\n<p><span style=\"color: #808080;\">You have the right to have data that we process automatically based on your consent or in fulfillment of a contract handed over to you or to a third party in a common, machine-readable format. If you request the direct transfer of the data to another controller, this will only be done if technically feasible.<\/span><\/p>\n<p><span style=\"color: #808080;\"><strong>Information, blocking, deletion and correction<\/strong><\/span><\/p>\n<p><span style=\"color: #808080;\">Within the scope of applicable law, you have the right at any time to obtain free information about your stored personal data, its origin and recipient, and the purpose of data processing, as well as the right to correct, block, or delete this data. You can contact us at any time at the address provided in the legal notice if you have any questions about this or other questions regarding personal data.<\/span><\/p>\n<p><span style=\"color: #808080;\"><strong>Right to restriction of processing<\/strong><\/span><\/p>\n<p><span style=\"color: #808080;\">You have the right to request the restriction of the processing of your personal data. You can contact us at any time at the address provided in the legal notice. The right to restriction of processing exists in the following cases:<\/span><\/p>\n<ul>\n<li><span style=\"color: #808080;\">If you dispute the accuracy of your personal data stored by us, we generally need time to verify this. You have the right to request that the processing of your personal data be restricted while we verify your personal data.<\/span><\/li>\n<li><span style=\"color: #808080;\">If the processing of your personal data was\/is unlawful, you can request the restriction of data processing instead of deletion.<\/span><\/li>\n<li><span style=\"color: #808080;\">If we no longer need your personal data, but you require it to exercise, defend or assert legal claims, you have the right to request that the processing of your personal data be restricted instead of deleted.<\/span><\/li>\n<li><span style=\"color: #808080;\">If you have lodged an objection pursuant to Art. 21 (1) GDPR, your interests must be weighed against ours. As long as it is not yet clear whose interests prevail, you have the right to request that the processing of your personal data be restricted.<\/span><\/li>\n<\/ul>\n<p><span style=\"color: #808080;\">If you have restricted the processing of your personal data, this data may \u2013 with the exception of its storage \u2013 only be processed with your consent or for the establishment, exercise or defense of legal claims or to protect the rights of another natural or legal person or for reasons of important public interest of the European Union or a Member State.<\/span><\/p>\n<p><span style=\"color: #808080;\"><strong>Objection to advertising emails<\/strong><\/span><\/p>\n<p><span style=\"color: #808080;\">The use of contact data published in accordance with the imprint obligation to send unsolicited advertising and information materials is hereby prohibited. The operators of the website expressly reserve the right to take legal action in the event of unsolicited advertising information being sent, for example, through spam emails.<\/span><\/p>\n<h3><span style=\"color: #808080;\"><strong>3. Data Protection Officer<\/strong><\/span><\/h3>\n<p><span style=\"color: #808080;\"><strong>Gesetzlich vorgeschriebener Datenschutzbeauftragter<\/strong><\/span><\/p>\n<p><span style=\"color: #808080;\">We have appointed a data protection officer for our company.<\/span><\/p>\n<p><span style=\"color: #808080;\">audatis Consulting GmbH<\/span><br \/>\n<span style=\"color: #808080;\">Luisenstra\u00dfe 1<\/span><br \/>\n<span style=\"color: #808080;\">32052 Herford<\/span><br \/>\n<span style=\"color: #808080;\">Telefon: +49 (0) 5221 87292-0<\/span><br \/>\n<span style=\"color: #808080;\">E-Mail:<a style=\"color: #808080;\" href=\"mailto:datenschutz-aumann@audatis.de\">datenschutz-aumann@audatis.de<\/a><\/span><\/p>\n<h3 class=\"bodytext\"><span style=\"color: #808080;\"><strong>4. Data collection on our website<\/strong><\/span><\/h3>\n<p><span style=\"color: #808080;\"><strong>Cookies<\/strong><\/span><\/p>\n<p><span style=\"color: #808080;\">Some of our websites use so-called cookies. Cookies do not harm your computer and do not contain viruses. Cookies are used to make our website more user-friendly, effective, and secure. Cookies are small text files that are stored on your computer and saved by your browser.<\/span><\/p>\n<p><span style=\"color: #808080;\">Most of the cookies we use are so-called \"session cookies.\" They are automatically deleted after your visit. Other cookies remain stored on your device until you delete them. These cookies allow us to recognize your browser the next time you visit.<\/span><\/p>\n<p><span style=\"color: #808080;\">You can configure your browser to inform you about the use of cookies, to only accept cookies on a case-by-case basis, to exclude cookies for specific cases or generally, and to automatically delete cookies when closing your browser. Disabling cookies may limit the functionality of this website.<\/span><\/p>\n<p><span style=\"color: #808080;\">Cookies that are necessary for electronic communication or for providing certain functions you have requested (e.g., the shopping cart function) are stored on the basis of Art. 6 (1) (f) GDPR. The website operator has a legitimate interest in storing cookies to ensure the technically error-free and optimized provision of its services. If other cookies (e.g., cookies for analyzing your browsing behavior) are stored, these are treated separately in this privacy policy.<\/span><\/p>\n<p><span style=\"color: #808080;\"><strong>Server log files<\/strong><\/span><\/p>\n<p><span style=\"color: #808080;\">The website provider automatically collects and stores information in so-called server log files, which your browser automatically transmits to us. This includes:<\/span><\/p>\n<ul>\n<li><span style=\"color: #808080;\">Browser type and version<\/span><\/li>\n<li><span style=\"color: #808080;\">operating system used<\/span><\/li>\n<li><span style=\"color: #808080;\">Referrer URL<\/span><\/li>\n<li><span style=\"color: #808080;\">Hostname of the accessing computer<\/span><\/li>\n<li><span style=\"color: #808080;\">Time of the server request<\/span><\/li>\n<li><span style=\"color: #808080;\">IP address<\/span><\/li>\n<\/ul>\n<p><span style=\"color: #808080;\">This data will not be merged with other data sources.<\/span><\/p>\n<p><span style=\"color: #808080;\">This data is collected on the basis of Art. 6 (1) (f) GDPR. The website operator has a legitimate interest in the technically error-free presentation and optimization of its website \u2013 for this purpose, the server log files must be collected.<\/span><\/p>\n<\/div>\n<div id=\"c112\" class=\"csc-default\">\n<p>&nbsp;<\/p>\n<h3><span style=\"color: #808080;\"><strong>5. Plugins und Tools<\/strong><\/span><\/h3>\n<p><span style=\"color: #808080;\"><strong>YouTube<\/strong><\/span><\/p>\n<p><span style=\"color: #808080;\">Our website uses plugins from the YouTube site, operated by Google. The site is operated by YouTube, LLC, 901 Cherry Ave., San Bruno, CA 94066, USA.<\/span><\/p>\n<p><span style=\"color: #808080;\">When you visit one of our pages equipped with a YouTube plugin, a connection to YouTube's servers is established. The YouTube server is informed which of our pages you have visited.<\/span><\/p>\n<p><span style=\"color: #808080;\">Furthermore, YouTube may store various cookies on your device. These cookies allow YouTube to obtain information about visitors to our website. This information is used, among other things, to collect video statistics, improve user experience, and prevent fraud. The cookies remain on your device until you delete them.<\/span><\/p>\n<p><span style=\"color: #808080;\">If you are logged into your YouTube account, you allow YouTube to associate your browsing behavior directly with your personal profile. You can prevent this by logging out of your YouTube account.<\/span><\/p>\n<p><span style=\"color: #808080;\">We use YouTube in the interest of ensuring an appealing presentation of our online offerings. This represents a legitimate interest within the meaning of Art. 6 (1) (f) GDPR.<\/span><\/p>\n<p><span style=\"color: #808080;\">For more information on how user data is handled, please see YouTube\u2019s privacy policy at: <a style=\"color: #808080;\" href=\"https:\/\/policies.google.com\/privacy?hl=de\">https:\/\/policies.google.com\/privacy?hl=de<\/a>.<\/span><\/p>\n<p><span style=\"color: #808080;\"><strong>Google Web Fonts<\/strong><\/span><\/p>\n<p><span style=\"color: #808080;\">This website uses so-called web fonts provided by Google for consistent font display. When you visit a page, your browser loads the required web fonts into your browser cache to display text and fonts correctly.<\/span><\/p>\n<p><span style=\"color: #808080;\">For this purpose, the browser you use must establish a connection to Google's servers. This allows Google to know that our website was accessed via your IP address. Google Web Fonts are used in the interest of a consistent and appealing presentation of our online offerings. This represents a legitimate interest within the meaning of Art. 6 (1) (f) GDPR.<\/span><\/p>\n<p><span style=\"color: #808080;\">If your browser does not support web fonts, a standard font from your computer will be used.<\/span><\/p>\n<p><span style=\"color: #808080;\">For more information about Google Web Fonts, see <a style=\"color: #808080;\" href=\"https:\/\/developers.google.com\/fonts\/faq\">https:\/\/developers.google.com\/fonts\/faq<\/a> und in der Datenschutzerkl\u00e4rung von Google: <a style=\"color: #808080;\" href=\"https:\/\/policies.google.com\/privacy?hl=de\">https:\/\/policies.google.com\/privacy?hl=de<\/a>.<\/span><\/p>\n<p><span style=\"color: #808080;\"><strong>Google Maps<\/strong><\/span><\/p>\n<p><span style=\"color: #808080;\">This site uses the Google Maps service via an API. The provider is Google Inc., 1600 Amphitheatre Parkway, Mountain View, CA 94043, USA.<\/span><\/p>\n<p><span style=\"color: #808080;\">To use the features of Google Maps, it is necessary to save your IP address. This information is usually transferred to a Google server in the USA and stored there. The provider of this site has no influence on this data transmission.<\/span><\/p>\n<p><span style=\"color: #808080;\">We use Google Maps in the interest of providing an attractive presentation of our online offerings and making the locations listed on our website easy to find. This represents a legitimate interest within the meaning of Art. 6 (1) (f) GDPR.<\/span><\/p>\n<p><span style=\"color: #808080;\">For more information on how user data is handled, please see Google\u2019s privacy policy: <a style=\"color: #808080;\" href=\"https:\/\/policies.google.com\/privacy?hl=de\">https:\/\/policies.google.com\/privacy?hl=de<\/a>.<\/span><\/p>\n<\/div>\n<h3><span style=\"color: #808080;\">6. \u00a0Currentness and changes to this privacy policy<\/span><\/h3>\n<p><span style=\"color: #808080;\">We reserve the right to adapt the content of this privacy policy at any time. This generally occurs when we further develop or adapt the services we use. You can view the current privacy policy on our website. This policy is effective October 23, 2024.<\/span><\/p>\n<p><span style=\"color: #808080;\">Further information on how we handle personal data can be found in the following data protection declarations.<\/span><\/p>\n<p><span style=\"color: #808080;\"><a style=\"color: #808080;\" href=\"https:\/\/lacom-coating.de\/wp-content\/uploads\/2024\/10\/Datenschutzpflichtinformation-ALAU_akt.pdf\" target=\"_blank\" rel=\"noopener\">Data protection information download<\/a><\/span><\/p>","protected":false},"excerpt":{"rendered":"<p>Datenschutzerkl\u00e4rung 1. Datenschutz auf einen Blick Allgemeine Hinweise Die folgenden Hinweise geben einen einfachen \u00dcberblick dar\u00fcber, was mit Ihren personenbezogenen Daten passiert, wenn Sie unsere Website besuchen. Personenbezogene Daten sind alle Daten, mit denen Sie pers\u00f6nlich identifiziert werden k\u00f6nnen. Ausf\u00fchrliche Informationen zum Thema Datenschutz entnehmen Sie unserer unter diesem Text aufgef\u00fchrten Datenschutzerkl\u00e4rung. Datenerfassung auf unserer Website Wer ist verantwortlich f\u00fcr<\/p>","protected":false},"author":1,"featured_media":0,"parent":254,"menu_order":0,"comment_status":"closed","ping_status":"closed","template":"","meta":{"footnotes":""},"tags":[],"class_list":["post-1081","page","type-page","status-publish","hentry"],"_links":{"self":[{"href":"https:\/\/lacom-coating.de\/en\/wp-json\/wp\/v2\/pages\/1081","targetHints":{"allow":["GET"]}}],"collection":[{"href":"https:\/\/lacom-coating.de\/en\/wp-json\/wp\/v2\/pages"}],"about":[{"href":"https:\/\/lacom-coating.de\/en\/wp-json\/wp\/v2\/types\/page"}],"author":[{"embeddable":true,"href":"https:\/\/lacom-coating.de\/en\/wp-json\/wp\/v2\/users\/1"}],"replies":[{"embeddable":true,"href":"https:\/\/lacom-coating.de\/en\/wp-json\/wp\/v2\/comments?post=1081"}],"version-history":[{"count":1,"href":"https:\/\/lacom-coating.de\/en\/wp-json\/wp\/v2\/pages\/1081\/revisions"}],"predecessor-version":[{"id":2517,"href":"https:\/\/lacom-coating.de\/en\/wp-json\/wp\/v2\/pages\/1081\/revisions\/2517"}],"up":[{"embeddable":true,"href":"https:\/\/lacom-coating.de\/en\/wp-json\/wp\/v2\/pages\/254"}],"wp:attachment":[{"href":"https:\/\/lacom-coating.de\/en\/wp-json\/wp\/v2\/media?parent=1081"}],"wp:term":[{"taxonomy":"post_tag","embeddable":true,"href":"https:\/\/lacom-coating.de\/en\/wp-json\/wp\/v2\/tags?post=1081"}],"curies":[{"name":"wp","href":"https:\/\/api.w.org\/{rel}","templated":true}]}}